{"id":44,"date":"2023-11-23T15:37:14","date_gmt":"2023-11-23T15:37:14","guid":{"rendered":"https:\/\/web4.rkinformatika.net\/makupapeleriaregalo\/?page_id=44"},"modified":"2025-11-17T15:36:54","modified_gmt":"2025-11-17T15:36:54","slug":"sobre-maku","status":"publish","type":"page","link":"https:\/\/makupapeleriaregalo.com\/eu\/sobre-maku\/","title":{"rendered":"Nosotros"},"content":{"rendered":"<div data-elementor-type=\"wp-page\" data-elementor-id=\"44\" class=\"elementor elementor-44\" data-elementor-post-type=\"page\">\n\t\t\t\t<div class=\"elementor-element elementor-element-6423a81 e-con-full e-flex e-con e-parent\" data-id=\"6423a81\" data-element_type=\"container\" data-e-type=\"container\">\n\t\t\t\t<div class=\"elementor-element elementor-element-ad8c95d elementor-widget elementor-widget-heading\" data-id=\"ad8c95d\" data-element_type=\"widget\" data-e-type=\"widget\" data-widget_type=\"heading.default\">\n\t\t\t\t<div class=\"elementor-widget-container\">\n\t\t\t\t\t<h1 class=\"elementor-heading-title elementor-size-default\">Sobre Maku<\/h1>\t\t\t\t<\/div>\n\t\t\t\t<\/div>\n\t\t\t\t<\/div>\n\t\t<div class=\"elementor-element elementor-element-a049cd4 e-grid e-con-boxed e-con e-parent\" data-id=\"a049cd4\" data-element_type=\"container\" data-e-type=\"container\">\n\t\t\t\t\t<div class=\"e-con-inner\">\n\t\t\t\t<div class=\"elementor-element elementor-element-4ef62ea elementor-widget elementor-widget-image\" data-id=\"4ef62ea\" data-element_type=\"widget\" data-e-type=\"widget\" data-widget_type=\"image.default\">\n\t\t\t\t<div class=\"elementor-widget-container\">\n\t\t\t\t\t\t\t\t\t\t\t\t\t\t\t<img fetchpriority=\"high\" decoding=\"async\" width=\"1360\" height=\"758\" src=\"https:\/\/makupapeleriaregalo.com\/wp-content\/uploads\/2025\/11\/Maku-pepeleria-tienda.webp\" class=\"attachment-full size-full wp-image-2643\" alt=\"\" srcset=\"https:\/\/makupapeleriaregalo.com\/wp-content\/uploads\/2025\/11\/Maku-pepeleria-tienda.webp 1360w, https:\/\/makupapeleriaregalo.com\/wp-content\/uploads\/2025\/11\/Maku-pepeleria-tienda-300x167.webp 300w, https:\/\/makupapeleriaregalo.com\/wp-content\/uploads\/2025\/11\/Maku-pepeleria-tienda-1024x571.webp 1024w, https:\/\/makupapeleriaregalo.com\/wp-content\/uploads\/2025\/11\/Maku-pepeleria-tienda-768x428.webp 768w, https:\/\/makupapeleriaregalo.com\/wp-content\/uploads\/2025\/11\/Maku-pepeleria-tienda-18x10.webp 18w, https:\/\/makupapeleriaregalo.com\/wp-content\/uploads\/2025\/11\/Maku-pepeleria-tienda-750x418.webp 750w\" sizes=\"(max-width: 1360px) 100vw, 1360px\" \/>\t\t\t\t\t\t\t\t\t\t\t\t\t\t\t<\/div>\n\t\t\t\t<\/div>\n\t\t\t\t<div class=\"elementor-element elementor-element-5996b48 elementor-widget elementor-widget-text-editor\" data-id=\"5996b48\" data-element_type=\"widget\" data-e-type=\"widget\" data-widget_type=\"text-editor.default\">\n\t\t\t\t<div class=\"elementor-widget-container\">\n\t\t\t\t\t\t\t\t\t<p data-start=\"285\" data-end=\"567\">Desde 2007 estamos en una <strong data-start=\"311\" data-end=\"402\">encantadora esquina del barrio de Casta\u00f1os, junto a la pasarela de Calatrava, en Bilbao<\/strong>. Maku Papeler\u00eda y Regalo es una <strong data-start=\"435\" data-end=\"465\">tienda peque\u00f1a y acogedora<\/strong>, pero llena de ideas: un rinc\u00f3n especial donde cada art\u00edculo tiene su propia historia y personalidad.<\/p>\n<p data-start=\"569\" data-end=\"899\">No somos solo una <strong data-start=\"587\" data-end=\"630\">papeler\u00eda y tienda de regalos en Bilbao<\/strong>. Aqu\u00ed encontrar\u00e1s <strong data-start=\"649\" data-end=\"743\">regalos originales, detalles especiales, miniaturas, papeler\u00eda bonita y objetos diferentes<\/strong> que no suelen verse en otros sitios. Cada pieza est\u00e1 <strong data-start=\"797\" data-end=\"821\">elegida a conciencia<\/strong>, apoyando a <strong data-start=\"834\" data-end=\"898\">artesanos, productores locales y firmas sostenibles y \u00fanicas<\/strong>.<\/p>\n<p data-start=\"901\" data-end=\"1303\">Quienes nos visitan destacan algo que para nosotros es esencial: el <strong data-start=\"969\" data-end=\"1014\">trato cercano y el asesoramiento personal<\/strong>. Si no sabes qu\u00e9 regalar, en Maku te ayudamos a encontrar el detalle perfecto para sorprender y acertar. Y cuando eliges tu regalo, lo rematamos como se merece: con <strong data-start=\"1189\" data-end=\"1258\">papeles de regalo maravillosos, lazos y envoltorios hechos a mano<\/strong> que convierten cada compra en algo especial.<\/p>\n<p data-start=\"1305\" data-end=\"1576\">Hoy tambi\u00e9n puedes disfrutar de todo esto desde casa. Nos hemos adaptado a la era de las compras por internet y en nuestra <strong data-start=\"1428\" data-end=\"1445\">tienda online<\/strong> te ofrecemos la misma calidez que en el local f\u00edsico, para que puedas elegir con calma y recibir tus regalos listos para entregar.<\/p>\n<p data-start=\"1578\" data-end=\"1699\"><strong data-start=\"1581\" data-end=\"1697\">Gracias por apoyar a las peque\u00f1as tiendas de barrio y por dejar que Maku forme parte de tus momentos especiales.<\/strong><\/p>\t\t\t\t\t\t\t\t<\/div>\n\t\t\t\t<\/div>\n\t\t\t\t\t<\/div>\n\t\t\t\t<\/div>\n\t\t<div class=\"elementor-element elementor-element-f5abf46 e-flex e-con-boxed e-con e-parent\" data-id=\"f5abf46\" data-element_type=\"container\" data-e-type=\"container\">\n\t\t\t\t\t<div class=\"e-con-inner\">\n\t\t\t\t<div class=\"elementor-element elementor-element-13c276d elementor-invisible elementor-widget elementor-widget-heading\" data-id=\"13c276d\" data-element_type=\"widget\" data-e-type=\"widget\" data-settings=\"{&quot;_animation&quot;:&quot;slideInUp&quot;}\" data-widget_type=\"heading.default\">\n\t\t\t\t<div class=\"elementor-widget-container\">\n\t\t\t\t\t<h2 class=\"elementor-heading-title elementor-size-default\">IM\u00c1GENES<\/h2>\t\t\t\t<\/div>\n\t\t\t\t<\/div>\n\t\t\t\t<div class=\"elementor-element elementor-element-360cb22 elementor-skin-coverflow elementor-arrows-yes elementor-pagination-type-bullets elementor-pagination-position-outside elementor-widget elementor-widget-media-carousel\" data-id=\"360cb22\" data-element_type=\"widget\" data-e-type=\"widget\" data-settings=\"{&quot;skin&quot;:&quot;coverflow&quot;,&quot;slides_per_view_mobile&quot;:&quot;1&quot;,&quot;autoplay_speed&quot;:3000,&quot;space_between&quot;:{&quot;unit&quot;:&quot;px&quot;,&quot;size&quot;:20,&quot;sizes&quot;:[]},&quot;show_arrows&quot;:&quot;yes&quot;,&quot;pagination&quot;:&quot;bullets&quot;,&quot;speed&quot;:500,&quot;autoplay&quot;:&quot;yes&quot;,&quot;loop&quot;:&quot;yes&quot;,&quot;pause_on_hover&quot;:&quot;yes&quot;,&quot;pause_on_interaction&quot;:&quot;yes&quot;,&quot;space_between_tablet&quot;:{&quot;unit&quot;:&quot;px&quot;,&quot;size&quot;:10,&quot;sizes&quot;:[]},&quot;space_between_mobile&quot;:{&quot;unit&quot;:&quot;px&quot;,&quot;size&quot;:10,&quot;sizes&quot;:[]}}\" data-widget_type=\"media-carousel.default\">\n\t\t\t\t<div class=\"elementor-widget-container\">\n\t\t\t\t\t\t\t\t\t<div class=\"elementor-swiper\">\n\t\t\t\t\t<div class=\"elementor-main-swiper swiper\" role=\"region\" aria-roledescription=\"carousel\" aria-label=\"Diapositivas\">\n\t\t\t\t<div class=\"swiper-wrapper\">\n\t\t\t\t\t\t\t\t\t\t\t<div class=\"swiper-slide\" role=\"group\" aria-roledescription=\"slide\">\n\t\t\t\t\t\t\t\t\t<div class=\"elementor-carousel-image\" role=\"img\" aria-label=\"WhatsApp Image 2020-11-19 at 11.59.20 AM\" style=\"background-image: url(&#039;https:\/\/makupapeleriaregalo.com\/wp-content\/uploads\/2023\/11\/WhatsApp-Image-2020-11-19-at-11.59.20-AM.jpeg&#039;)\">\n\n\t\t\t\n\t\t\t\t\t<\/div>\n\t\t\t\t\t\t\t\t<\/div>\n\t\t\t\t\t\t\t\t\t\t\t<div class=\"swiper-slide\" role=\"group\" aria-roledescription=\"slide\">\n\t\t\t\t\t\t\t\t\t<div class=\"elementor-carousel-image\" role=\"img\" aria-label=\"WhatsApp Image 2020-11-19 at 11.37.17 AM\" style=\"background-image: url(&#039;https:\/\/makupapeleriaregalo.com\/wp-content\/uploads\/2023\/11\/WhatsApp-Image-2020-11-19-at-11.37.17-AM.jpeg&#039;)\">\n\n\t\t\t\n\t\t\t\t\t<\/div>\n\t\t\t\t\t\t\t\t<\/div>\n\t\t\t\t\t\t\t\t\t\t\t<div class=\"swiper-slide\" role=\"group\" aria-roledescription=\"slide\">\n\t\t\t\t\t\t\t\t\t<div class=\"elementor-carousel-image\" role=\"img\" aria-label=\"WhatsApp Image 2020-11-19 at 10.22.41 PM\" style=\"background-image: url(&#039;https:\/\/makupapeleriaregalo.com\/wp-content\/uploads\/2023\/11\/WhatsApp-Image-2020-11-19-at-10.22.41-PM.jpeg&#039;)\">\n\n\t\t\t\n\t\t\t\t\t<\/div>\n\t\t\t\t\t\t\t\t<\/div>\n\t\t\t\t\t\t\t\t\t\t\t<div class=\"swiper-slide\" role=\"group\" aria-roledescription=\"slide\">\n\t\t\t\t\t\t\t\t\t<div class=\"elementor-carousel-image\" role=\"img\" aria-label=\"CONJUNTO ARCHIVADORES\" style=\"background-image: url(&#039;https:\/\/makupapeleriaregalo.com\/wp-content\/uploads\/2023\/12\/CONJUNTO-ARCHIVADORES-1.jpg&#039;)\">\n\n\t\t\t\n\t\t\t\t\t<\/div>\n\t\t\t\t\t\t\t\t<\/div>\n\t\t\t\t\t\t\t\t\t\t\t<div class=\"swiper-slide\" role=\"group\" aria-roledescription=\"slide\">\n\t\t\t\t\t\t\t\t\t<div class=\"elementor-carousel-image\" role=\"img\" aria-label=\"atril dino con libro\" style=\"background-image: url(&#039;https:\/\/makupapeleriaregalo.com\/wp-content\/uploads\/2024\/03\/atril-dino-con-libro.jpeg&#039;)\">\n\n\t\t\t\n\t\t\t\t\t<\/div>\n\t\t\t\t\t\t\t\t<\/div>\n\t\t\t\t\t\t\t\t\t\t\t<div class=\"swiper-slide\" role=\"group\" aria-roledescription=\"slide\">\n\t\t\t\t\t\t\t\t\t<div class=\"elementor-carousel-image\" role=\"img\" aria-label=\"mockupMAKU\" style=\"background-image: url(&#039;https:\/\/makupapeleriaregalo.com\/wp-content\/uploads\/2023\/11\/mockupMAKU.jpg&#039;)\">\n\n\t\t\t\n\t\t\t\t\t<\/div>\n\t\t\t\t\t\t\t\t<\/div>\n\t\t\t\t\t\t\t\t\t\t\t<div class=\"swiper-slide\" role=\"group\" aria-roledescription=\"slide\">\n\t\t\t\t\t\t\t\t\t<div class=\"elementor-carousel-image\" role=\"img\" aria-label=\"CAJA JOYERO CORAZONES\" style=\"background-image: url(&#039;https:\/\/makupapeleriaregalo.com\/wp-content\/uploads\/2023\/11\/CAJA-JOYERO-CORAZONES-scaled.jpg&#039;)\">\n\n\t\t\t\n\t\t\t\t\t<\/div>\n\t\t\t\t\t\t\t\t<\/div>\n\t\t\t\t\t\t\t\t\t\t\t<div class=\"swiper-slide\" role=\"group\" aria-roledescription=\"slide\">\n\t\t\t\t\t\t\t\t\t<div class=\"elementor-carousel-image\" role=\"img\" aria-label=\"ALTAVOZ BEIG EN MANO TAMA\" style=\"background-image: url(&#039;https:\/\/makupapeleriaregalo.com\/wp-content\/uploads\/2024\/03\/ALTAVOZ-BEIG-EN-MANO-TAMA.jpeg&#039;)\">\n\n\t\t\t\n\t\t\t\t\t<\/div>\n\t\t\t\t\t\t\t\t<\/div>\n\t\t\t\t\t\t\t\t\t\t\t<div class=\"swiper-slide\" role=\"group\" aria-roledescription=\"slide\">\n\t\t\t\t\t\t\t\t\t<div class=\"elementor-carousel-image\" role=\"img\" aria-label=\"VENTILADOR LEXON\" style=\"background-image: url(&#039;https:\/\/makupapeleriaregalo.com\/wp-content\/uploads\/2024\/03\/VENTILADOR-LEXON-scaled.jpg&#039;)\">\n\n\t\t\t\n\t\t\t\t\t<\/div>\n\t\t\t\t\t\t\t\t<\/div>\n\t\t\t\t\t\t\t\t\t\t\t<div class=\"swiper-slide\" role=\"group\" aria-roledescription=\"slide\">\n\t\t\t\t\t\t\t\t\t<div class=\"elementor-carousel-image\" role=\"img\" aria-label=\"Maku-02\" style=\"background-image: url(&#039;https:\/\/makupapeleriaregalo.com\/wp-content\/uploads\/2023\/11\/Maku-02.jpg&#039;)\">\n\n\t\t\t\n\t\t\t\t\t<\/div>\n\t\t\t\t\t\t\t\t<\/div>\n\t\t\t\t\t\t\t\t\t<\/div>\n\t\t\t\t\t\t\t\t\t\t\t\t\t\t\t<div class=\"elementor-swiper-button elementor-swiper-button-prev\" role=\"button\" tabindex=\"0\" aria-label=\"Anterior\">\n\t\t\t\t\t\t\t<svg aria-hidden=\"true\" class=\"e-font-icon-svg e-eicon-chevron-left\" viewbox=\"0 0 1000 1000\" xmlns=\"http:\/\/www.w3.org\/2000\/svg\"><path d=\"M646 125C629 125 613 133 604 142L308 442C296 454 292 471 292 487 292 504 296 521 308 533L604 854C617 867 629 875 646 875 663 875 679 871 692 858 704 846 713 829 713 812 713 796 708 779 692 767L438 487 692 225C700 217 708 204 708 187 708 171 704 154 692 142 675 129 663 125 646 125Z\"><\/path><\/svg>\t\t\t\t\t\t<\/div>\n\t\t\t\t\t\t<div class=\"elementor-swiper-button elementor-swiper-button-next\" role=\"button\" tabindex=\"0\" aria-label=\"Siguiente\">\n\t\t\t\t\t\t\t<svg aria-hidden=\"true\" class=\"e-font-icon-svg e-eicon-chevron-right\" viewbox=\"0 0 1000 1000\" xmlns=\"http:\/\/www.w3.org\/2000\/svg\"><path d=\"M696 533C708 521 713 504 713 487 713 471 708 454 696 446L400 146C388 133 375 125 354 125 338 125 325 129 313 142 300 154 292 171 292 187 292 204 296 221 308 233L563 492 304 771C292 783 288 800 288 817 288 833 296 850 308 863 321 871 338 875 354 875 371 875 388 867 400 854L696 533Z\"><\/path><\/svg>\t\t\t\t\t\t<\/div>\n\t\t\t\t\t\t\t\t\t\t\t\t\t\t\t\t<div class=\"swiper-pagination\"><\/div>\n\t\t\t\t\t\t\t\t\t\t\t\t<\/div>\n\t\t\t\t<\/div>\n\t\t\t\t\t\t\t\t<\/div>\n\t\t\t\t<\/div>\n\t\t\t\t\t<\/div>\n\t\t\t\t<\/div>\n\t\t\t\t<\/div>","protected":false},"excerpt":{"rendered":"<p>Sobre Maku Desde 2007 estamos en una encantadora esquina del barrio de Casta\u00f1os, junto a la pasarela de Calatrava, en Bilbao. Maku Papeler\u00eda y Regalo es una tienda peque\u00f1a y acogedora, pero llena de ideas: un rinc\u00f3n especial donde cada art\u00edculo tiene su propia historia y personalidad. No somos solo una papeler\u00eda y tienda de [&hellip;]<\/p>\n","protected":false},"author":1,"featured_media":2621,"parent":0,"menu_order":0,"comment_status":"closed","ping_status":"closed","template":"elementor_canvas","meta":{"footnotes":""},"class_list":["post-44","page","type-page","status-publish","has-post-thumbnail","hentry"],"yoast_head":"<!-- This site is optimized with the Yoast SEO plugin v27.5 - https:\/\/yoast.com\/product\/yoast-seo-wordpress\/ -->\n<title>Nosotros - Maku Papeler\u00eda Creativa y Regalo<\/title>\n<meta name=\"description\" content=\"Regalos personalizados y papeler\u00eda creativa. Productos originales para envolver tus regalos. Presupuestos online.\" \/>\n<meta name=\"robots\" content=\"index, follow, max-snippet:-1, max-image-preview:large, max-video-preview:-1\" \/>\n<link rel=\"canonical\" href=\"https:\/\/makupapeleriaregalo.com\/eu\/sobre-maku\/\" \/>\n<meta property=\"og:locale\" content=\"en_US\" \/>\n<meta property=\"og:type\" content=\"article\" \/>\n<meta property=\"og:title\" content=\"Nosotros - Maku Papeler\u00eda Creativa y Regalo\" \/>\n<meta property=\"og:description\" content=\"Regalos personalizados y papeler\u00eda creativa. Productos originales para envolver tus regalos. Presupuestos online.\" \/>\n<meta property=\"og:url\" content=\"https:\/\/makupapeleriaregalo.com\/eu\/sobre-maku\/\" \/>\n<meta property=\"og:site_name\" content=\"Maku Papeler\u00eda Creativa y Regalo\" \/>\n<meta property=\"article:modified_time\" content=\"2025-11-17T15:36:54+00:00\" \/>\n<meta property=\"og:image\" content=\"https:\/\/makupapeleriaregalo.com\/wp-content\/uploads\/2025\/11\/FACHADA-DOBLE-1-scaled.jpeg\" \/>\n\t<meta property=\"og:image:width\" content=\"2560\" \/>\n\t<meta property=\"og:image:height\" content=\"1424\" \/>\n\t<meta property=\"og:image:type\" content=\"image\/jpeg\" \/>\n<meta name=\"twitter:card\" content=\"summary_large_image\" \/>\n<meta name=\"twitter:label1\" content=\"Est. reading time\" \/>\n\t<meta name=\"twitter:data1\" content=\"2 minutua\" \/>\n<script type=\"application\/ld+json\" class=\"yoast-schema-graph\">{\"@context\":\"https:\\\/\\\/schema.org\",\"@graph\":[{\"@type\":\"WebPage\",\"@id\":\"https:\\\/\\\/makupapeleriaregalo.com\\\/sobre-maku\\\/\",\"url\":\"https:\\\/\\\/makupapeleriaregalo.com\\\/sobre-maku\\\/\",\"name\":\"Nosotros - Maku Papeler\u00eda Creativa y Regalo\",\"isPartOf\":{\"@id\":\"https:\\\/\\\/makupapeleriaregalo.com\\\/#website\"},\"primaryImageOfPage\":{\"@id\":\"https:\\\/\\\/makupapeleriaregalo.com\\\/sobre-maku\\\/#primaryimage\"},\"image\":{\"@id\":\"https:\\\/\\\/makupapeleriaregalo.com\\\/sobre-maku\\\/#primaryimage\"},\"thumbnailUrl\":\"https:\\\/\\\/makupapeleriaregalo.com\\\/wp-content\\\/uploads\\\/2025\\\/11\\\/FACHADA-DOBLE-1-scaled.jpeg\",\"datePublished\":\"2023-11-23T15:37:14+00:00\",\"dateModified\":\"2025-11-17T15:36:54+00:00\",\"description\":\"Regalos personalizados y papeler\u00eda creativa. Productos originales para envolver tus regalos. Presupuestos online.\",\"breadcrumb\":{\"@id\":\"https:\\\/\\\/makupapeleriaregalo.com\\\/sobre-maku\\\/#breadcrumb\"},\"inLanguage\":\"eu\",\"potentialAction\":[{\"@type\":\"ReadAction\",\"target\":[\"https:\\\/\\\/makupapeleriaregalo.com\\\/sobre-maku\\\/\"]}]},{\"@type\":\"ImageObject\",\"inLanguage\":\"eu\",\"@id\":\"https:\\\/\\\/makupapeleriaregalo.com\\\/sobre-maku\\\/#primaryimage\",\"url\":\"https:\\\/\\\/makupapeleriaregalo.com\\\/wp-content\\\/uploads\\\/2025\\\/11\\\/FACHADA-DOBLE-1-scaled.jpeg\",\"contentUrl\":\"https:\\\/\\\/makupapeleriaregalo.com\\\/wp-content\\\/uploads\\\/2025\\\/11\\\/FACHADA-DOBLE-1-scaled.jpeg\",\"width\":2560,\"height\":1424},{\"@type\":\"BreadcrumbList\",\"@id\":\"https:\\\/\\\/makupapeleriaregalo.com\\\/sobre-maku\\\/#breadcrumb\",\"itemListElement\":[{\"@type\":\"ListItem\",\"position\":1,\"name\":\"Portada\",\"item\":\"https:\\\/\\\/makupapeleriaregalo.com\\\/\"},{\"@type\":\"ListItem\",\"position\":2,\"name\":\"Nosotros\"}]},{\"@type\":\"WebSite\",\"@id\":\"https:\\\/\\\/makupapeleriaregalo.com\\\/#website\",\"url\":\"https:\\\/\\\/makupapeleriaregalo.com\\\/\",\"name\":\"Maku Papeler\u00eda Creativa y Regalo\",\"description\":\"\",\"publisher\":{\"@id\":\"https:\\\/\\\/makupapeleriaregalo.com\\\/#organization\"},\"potentialAction\":[{\"@type\":\"SearchAction\",\"target\":{\"@type\":\"EntryPoint\",\"urlTemplate\":\"https:\\\/\\\/makupapeleriaregalo.com\\\/?s={search_term_string}\"},\"query-input\":{\"@type\":\"PropertyValueSpecification\",\"valueRequired\":true,\"valueName\":\"search_term_string\"}}],\"inLanguage\":\"eu\"},{\"@type\":\"Organization\",\"@id\":\"https:\\\/\\\/makupapeleriaregalo.com\\\/#organization\",\"name\":\"Maku Papeler\u00eda Creativa y Regalo\",\"url\":\"https:\\\/\\\/makupapeleriaregalo.com\\\/\",\"logo\":{\"@type\":\"ImageObject\",\"inLanguage\":\"eu\",\"@id\":\"https:\\\/\\\/makupapeleriaregalo.com\\\/#\\\/schema\\\/logo\\\/image\\\/\",\"url\":\"https:\\\/\\\/makupapeleriaregalo.com\\\/wp-content\\\/uploads\\\/2023\\\/11\\\/cropped-logo-MAKU-Maku-Maku-1.png\",\"contentUrl\":\"https:\\\/\\\/makupapeleriaregalo.com\\\/wp-content\\\/uploads\\\/2023\\\/11\\\/cropped-logo-MAKU-Maku-Maku-1.png\",\"width\":277,\"height\":94,\"caption\":\"Maku Papeler\u00eda Creativa y Regalo\"},\"image\":{\"@id\":\"https:\\\/\\\/makupapeleriaregalo.com\\\/#\\\/schema\\\/logo\\\/image\\\/\"}}]}<\/script>\n<!-- \/ Yoast SEO plugin. -->","yoast_head_json":{"title":"Nosotros - Maku Papeler\u00eda Creativa y Regalo","description":"Regalos personalizados y papeler\u00eda creativa. Productos originales para envolver tus regalos. Presupuestos online.","robots":{"index":"index","follow":"follow","max-snippet":"max-snippet:-1","max-image-preview":"max-image-preview:large","max-video-preview":"max-video-preview:-1"},"canonical":"https:\/\/makupapeleriaregalo.com\/eu\/sobre-maku\/","og_locale":"en_US","og_type":"article","og_title":"Nosotros - Maku Papeler\u00eda Creativa y Regalo","og_description":"Regalos personalizados y papeler\u00eda creativa. Productos originales para envolver tus regalos. Presupuestos online.","og_url":"https:\/\/makupapeleriaregalo.com\/eu\/sobre-maku\/","og_site_name":"Maku Papeler\u00eda Creativa y Regalo","article_modified_time":"2025-11-17T15:36:54+00:00","og_image":[{"width":2560,"height":1424,"url":"https:\/\/makupapeleriaregalo.com\/wp-content\/uploads\/2025\/11\/FACHADA-DOBLE-1-scaled.jpeg","type":"image\/jpeg"}],"twitter_card":"summary_large_image","twitter_misc":{"Est. reading time":"2 minutua"},"schema":{"@context":"https:\/\/schema.org","@graph":[{"@type":"WebPage","@id":"https:\/\/makupapeleriaregalo.com\/sobre-maku\/","url":"https:\/\/makupapeleriaregalo.com\/sobre-maku\/","name":"Nosotros - Maku Papeler\u00eda Creativa y Regalo","isPartOf":{"@id":"https:\/\/makupapeleriaregalo.com\/#website"},"primaryImageOfPage":{"@id":"https:\/\/makupapeleriaregalo.com\/sobre-maku\/#primaryimage"},"image":{"@id":"https:\/\/makupapeleriaregalo.com\/sobre-maku\/#primaryimage"},"thumbnailUrl":"https:\/\/makupapeleriaregalo.com\/wp-content\/uploads\/2025\/11\/FACHADA-DOBLE-1-scaled.jpeg","datePublished":"2023-11-23T15:37:14+00:00","dateModified":"2025-11-17T15:36:54+00:00","description":"Regalos personalizados y papeler\u00eda creativa. Productos originales para envolver tus regalos. Presupuestos online.","breadcrumb":{"@id":"https:\/\/makupapeleriaregalo.com\/sobre-maku\/#breadcrumb"},"inLanguage":"eu","potentialAction":[{"@type":"ReadAction","target":["https:\/\/makupapeleriaregalo.com\/sobre-maku\/"]}]},{"@type":"ImageObject","inLanguage":"eu","@id":"https:\/\/makupapeleriaregalo.com\/sobre-maku\/#primaryimage","url":"https:\/\/makupapeleriaregalo.com\/wp-content\/uploads\/2025\/11\/FACHADA-DOBLE-1-scaled.jpeg","contentUrl":"https:\/\/makupapeleriaregalo.com\/wp-content\/uploads\/2025\/11\/FACHADA-DOBLE-1-scaled.jpeg","width":2560,"height":1424},{"@type":"BreadcrumbList","@id":"https:\/\/makupapeleriaregalo.com\/sobre-maku\/#breadcrumb","itemListElement":[{"@type":"ListItem","position":1,"name":"Portada","item":"https:\/\/makupapeleriaregalo.com\/"},{"@type":"ListItem","position":2,"name":"Nosotros"}]},{"@type":"WebSite","@id":"https:\/\/makupapeleriaregalo.com\/#website","url":"https:\/\/makupapeleriaregalo.com\/","name":"Maku Papeler\u00eda Creativa y Regalo","description":"","publisher":{"@id":"https:\/\/makupapeleriaregalo.com\/#organization"},"potentialAction":[{"@type":"SearchAction","target":{"@type":"EntryPoint","urlTemplate":"https:\/\/makupapeleriaregalo.com\/?s={search_term_string}"},"query-input":{"@type":"PropertyValueSpecification","valueRequired":true,"valueName":"search_term_string"}}],"inLanguage":"eu"},{"@type":"Organization","@id":"https:\/\/makupapeleriaregalo.com\/#organization","name":"Maku Papeler\u00eda Creativa y Regalo","url":"https:\/\/makupapeleriaregalo.com\/","logo":{"@type":"ImageObject","inLanguage":"eu","@id":"https:\/\/makupapeleriaregalo.com\/#\/schema\/logo\/image\/","url":"https:\/\/makupapeleriaregalo.com\/wp-content\/uploads\/2023\/11\/cropped-logo-MAKU-Maku-Maku-1.png","contentUrl":"https:\/\/makupapeleriaregalo.com\/wp-content\/uploads\/2023\/11\/cropped-logo-MAKU-Maku-Maku-1.png","width":277,"height":94,"caption":"Maku Papeler\u00eda Creativa y Regalo"},"image":{"@id":"https:\/\/makupapeleriaregalo.com\/#\/schema\/logo\/image\/"}}]}},"jetpack_sharing_enabled":true,"_links":{"self":[{"href":"https:\/\/makupapeleriaregalo.com\/eu\/wp-json\/wp\/v2\/pages\/44","targetHints":{"allow":["GET"]}}],"collection":[{"href":"https:\/\/makupapeleriaregalo.com\/eu\/wp-json\/wp\/v2\/pages"}],"about":[{"href":"https:\/\/makupapeleriaregalo.com\/eu\/wp-json\/wp\/v2\/types\/page"}],"author":[{"embeddable":true,"href":"https:\/\/makupapeleriaregalo.com\/eu\/wp-json\/wp\/v2\/users\/1"}],"replies":[{"embeddable":true,"href":"https:\/\/makupapeleriaregalo.com\/eu\/wp-json\/wp\/v2\/comments?post=44"}],"version-history":[{"count":97,"href":"https:\/\/makupapeleriaregalo.com\/eu\/wp-json\/wp\/v2\/pages\/44\/revisions"}],"predecessor-version":[{"id":2646,"href":"https:\/\/makupapeleriaregalo.com\/eu\/wp-json\/wp\/v2\/pages\/44\/revisions\/2646"}],"wp:featuredmedia":[{"embeddable":true,"href":"https:\/\/makupapeleriaregalo.com\/eu\/wp-json\/wp\/v2\/media\/2621"}],"wp:attachment":[{"href":"https:\/\/makupapeleriaregalo.com\/eu\/wp-json\/wp\/v2\/media?parent=44"}],"curies":[{"name":"wp","href":"https:\/\/api.w.org\/{rel}","templated":true}]}}