{"id":102,"date":"2023-11-24T11:07:27","date_gmt":"2023-11-24T11:07:27","guid":{"rendered":"https:\/\/web4.rkinformatika.net\/makupapeleriaregalo\/?post_type=product&#038;p=102"},"modified":"2024-03-06T17:32:01","modified_gmt":"2024-03-06T17:32:01","slug":"colgante-eguzkilore-plateado-c-cadena","status":"publish","type":"product","link":"https:\/\/makupapeleriaregalo.com\/eu\/produktua\/colgante-eguzkilore-plateado-c-cadena\/","title":{"rendered":"Colgante Eguzkilore Plateado con Cadena"},"content":{"rendered":"<p>Material: Acero quir\u00fargico<br \/>\n(No produce alergias)<br \/>\n(Made in Pa\u00eds Vasco)<br \/>\nEGUZKI LOREA<br \/>\nS\u00edmbolo antiguo de protecci\u00f3n<br \/>\nTama\u00f1o 2,5cm<\/p>","protected":false},"excerpt":{"rendered":"<p>Material: Acero quir\u00fargico<br \/>\n(No produce alergias)<br \/>\n(Made in Pa\u00eds Vasco)<br \/>\nEGUZKI LOREA<br \/>\nS\u00edmbolo antiguo de protecci\u00f3n<br \/>\nTama\u00f1o 2,5cm<\/p>","protected":false},"featured_media":772,"template":"","meta":[],"product_brand":[],"product_cat":[41,61,38],"product_tag":[],"class_list":{"0":"post-102","1":"product","2":"type-product","3":"status-publish","4":"has-post-thumbnail","6":"product_cat-accesorios","7":"product_cat-eguzkilores","8":"product_cat-productos","10":"first","11":"outofstock","12":"shipping-taxable","13":"purchasable","14":"product-type-simple"},"yoast_head":"<!-- This site is optimized with the Yoast SEO plugin v27.3 - https:\/\/yoast.com\/product\/yoast-seo-wordpress\/ -->\n<title>Colgante Eguzkilore Plateado con Cadena - Maku Papeler\u00eda Creativa y Regalo<\/title>\n<meta name=\"robots\" content=\"index, follow, max-snippet:-1, max-image-preview:large, max-video-preview:-1\" \/>\n<link rel=\"canonical\" href=\"https:\/\/makupapeleriaregalo.com\/eu\/produktua\/colgante-eguzkilore-plateado-c-cadena\/\" \/>\n<meta property=\"og:locale\" content=\"en_US\" \/>\n<meta property=\"og:type\" content=\"article\" \/>\n<meta property=\"og:title\" content=\"Colgante Eguzkilore Plateado con Cadena - Maku Papeler\u00eda Creativa y Regalo\" \/>\n<meta property=\"og:description\" content=\"Material: Acero quir\u00fargico (No produce alergias) (Made in Pa\u00eds Vasco) EGUZKI LOREA S\u00edmbolo antiguo de protecci\u00f3n Tama\u00f1o 2,5cm\" \/>\n<meta property=\"og:url\" content=\"https:\/\/makupapeleriaregalo.com\/eu\/produktua\/colgante-eguzkilore-plateado-c-cadena\/\" \/>\n<meta property=\"og:site_name\" content=\"Maku Papeler\u00eda Creativa y Regalo\" \/>\n<meta property=\"article:modified_time\" content=\"2024-03-06T17:32:01+00:00\" \/>\n<meta property=\"og:image\" content=\"https:\/\/makupapeleriaregalo.com\/wp-content\/uploads\/2023\/11\/EGUZKI-BL-scaled.jpg\" \/>\n\t<meta property=\"og:image:width\" content=\"2560\" \/>\n\t<meta property=\"og:image:height\" content=\"2480\" \/>\n\t<meta property=\"og:image:type\" content=\"image\/jpeg\" \/>\n<meta name=\"twitter:card\" content=\"summary_large_image\" \/>\n<meta name=\"twitter:label1\" content=\"Est. reading time\" \/>\n\t<meta name=\"twitter:data1\" content=\"1 minutua\" \/>\n<script type=\"application\/ld+json\" class=\"yoast-schema-graph\">{\"@context\":\"https:\\\/\\\/schema.org\",\"@graph\":[{\"@type\":\"WebPage\",\"@id\":\"https:\\\/\\\/makupapeleriaregalo.com\\\/producto\\\/colgante-eguzkilore-plateado-c-cadena\\\/\",\"url\":\"https:\\\/\\\/makupapeleriaregalo.com\\\/producto\\\/colgante-eguzkilore-plateado-c-cadena\\\/\",\"name\":\"Colgante Eguzkilore Plateado con Cadena - Maku Papeler\u00eda Creativa y Regalo\",\"isPartOf\":{\"@id\":\"https:\\\/\\\/makupapeleriaregalo.com\\\/#website\"},\"primaryImageOfPage\":{\"@id\":\"https:\\\/\\\/makupapeleriaregalo.com\\\/producto\\\/colgante-eguzkilore-plateado-c-cadena\\\/#primaryimage\"},\"image\":{\"@id\":\"https:\\\/\\\/makupapeleriaregalo.com\\\/producto\\\/colgante-eguzkilore-plateado-c-cadena\\\/#primaryimage\"},\"thumbnailUrl\":\"https:\\\/\\\/makupapeleriaregalo.com\\\/wp-content\\\/uploads\\\/2023\\\/11\\\/EGUZKI-BL-scaled.jpg\",\"datePublished\":\"2023-11-24T11:07:27+00:00\",\"dateModified\":\"2024-03-06T17:32:01+00:00\",\"breadcrumb\":{\"@id\":\"https:\\\/\\\/makupapeleriaregalo.com\\\/producto\\\/colgante-eguzkilore-plateado-c-cadena\\\/#breadcrumb\"},\"inLanguage\":\"eu\",\"potentialAction\":[{\"@type\":\"ReadAction\",\"target\":[\"https:\\\/\\\/makupapeleriaregalo.com\\\/producto\\\/colgante-eguzkilore-plateado-c-cadena\\\/\"]}]},{\"@type\":\"ImageObject\",\"inLanguage\":\"eu\",\"@id\":\"https:\\\/\\\/makupapeleriaregalo.com\\\/producto\\\/colgante-eguzkilore-plateado-c-cadena\\\/#primaryimage\",\"url\":\"https:\\\/\\\/makupapeleriaregalo.com\\\/wp-content\\\/uploads\\\/2023\\\/11\\\/EGUZKI-BL-scaled.jpg\",\"contentUrl\":\"https:\\\/\\\/makupapeleriaregalo.com\\\/wp-content\\\/uploads\\\/2023\\\/11\\\/EGUZKI-BL-scaled.jpg\",\"width\":2560,\"height\":2480},{\"@type\":\"BreadcrumbList\",\"@id\":\"https:\\\/\\\/makupapeleriaregalo.com\\\/producto\\\/colgante-eguzkilore-plateado-c-cadena\\\/#breadcrumb\",\"itemListElement\":[{\"@type\":\"ListItem\",\"position\":1,\"name\":\"Portada\",\"item\":\"https:\\\/\\\/makupapeleriaregalo.com\\\/\"},{\"@type\":\"ListItem\",\"position\":2,\"name\":\"Tienda\",\"item\":\"https:\\\/\\\/makupapeleriaregalo.com\\\/tienda\\\/\"},{\"@type\":\"ListItem\",\"position\":3,\"name\":\"Colgante Eguzkilore Plateado con Cadena\"}]},{\"@type\":\"WebSite\",\"@id\":\"https:\\\/\\\/makupapeleriaregalo.com\\\/#website\",\"url\":\"https:\\\/\\\/makupapeleriaregalo.com\\\/\",\"name\":\"Maku Papeler\u00eda Creativa y Regalo\",\"description\":\"\",\"publisher\":{\"@id\":\"https:\\\/\\\/makupapeleriaregalo.com\\\/#organization\"},\"potentialAction\":[{\"@type\":\"SearchAction\",\"target\":{\"@type\":\"EntryPoint\",\"urlTemplate\":\"https:\\\/\\\/makupapeleriaregalo.com\\\/?s={search_term_string}\"},\"query-input\":{\"@type\":\"PropertyValueSpecification\",\"valueRequired\":true,\"valueName\":\"search_term_string\"}}],\"inLanguage\":\"eu\"},{\"@type\":\"Organization\",\"@id\":\"https:\\\/\\\/makupapeleriaregalo.com\\\/#organization\",\"name\":\"Maku Papeler\u00eda Creativa y Regalo\",\"url\":\"https:\\\/\\\/makupapeleriaregalo.com\\\/\",\"logo\":{\"@type\":\"ImageObject\",\"inLanguage\":\"eu\",\"@id\":\"https:\\\/\\\/makupapeleriaregalo.com\\\/#\\\/schema\\\/logo\\\/image\\\/\",\"url\":\"https:\\\/\\\/makupapeleriaregalo.com\\\/wp-content\\\/uploads\\\/2023\\\/11\\\/cropped-logo-MAKU-Maku-Maku-1.png\",\"contentUrl\":\"https:\\\/\\\/makupapeleriaregalo.com\\\/wp-content\\\/uploads\\\/2023\\\/11\\\/cropped-logo-MAKU-Maku-Maku-1.png\",\"width\":277,\"height\":94,\"caption\":\"Maku Papeler\u00eda Creativa y Regalo\"},\"image\":{\"@id\":\"https:\\\/\\\/makupapeleriaregalo.com\\\/#\\\/schema\\\/logo\\\/image\\\/\"}}]}<\/script>\n<!-- \/ Yoast SEO plugin. -->","yoast_head_json":{"title":"Colgante Eguzkilore Plateado con Cadena - Maku Papeler\u00eda Creativa y Regalo","robots":{"index":"index","follow":"follow","max-snippet":"max-snippet:-1","max-image-preview":"max-image-preview:large","max-video-preview":"max-video-preview:-1"},"canonical":"https:\/\/makupapeleriaregalo.com\/eu\/produktua\/colgante-eguzkilore-plateado-c-cadena\/","og_locale":"en_US","og_type":"article","og_title":"Colgante Eguzkilore Plateado con Cadena - Maku Papeler\u00eda Creativa y Regalo","og_description":"Material: Acero quir\u00fargico (No produce alergias) (Made in Pa\u00eds Vasco) EGUZKI LOREA S\u00edmbolo antiguo de protecci\u00f3n Tama\u00f1o 2,5cm","og_url":"https:\/\/makupapeleriaregalo.com\/eu\/produktua\/colgante-eguzkilore-plateado-c-cadena\/","og_site_name":"Maku Papeler\u00eda Creativa y Regalo","article_modified_time":"2024-03-06T17:32:01+00:00","og_image":[{"width":2560,"height":2480,"url":"https:\/\/makupapeleriaregalo.com\/wp-content\/uploads\/2023\/11\/EGUZKI-BL-scaled.jpg","type":"image\/jpeg"}],"twitter_card":"summary_large_image","twitter_misc":{"Est. reading time":"1 minutua"},"schema":{"@context":"https:\/\/schema.org","@graph":[{"@type":"WebPage","@id":"https:\/\/makupapeleriaregalo.com\/producto\/colgante-eguzkilore-plateado-c-cadena\/","url":"https:\/\/makupapeleriaregalo.com\/producto\/colgante-eguzkilore-plateado-c-cadena\/","name":"Colgante Eguzkilore Plateado con Cadena - Maku Papeler\u00eda Creativa y Regalo","isPartOf":{"@id":"https:\/\/makupapeleriaregalo.com\/#website"},"primaryImageOfPage":{"@id":"https:\/\/makupapeleriaregalo.com\/producto\/colgante-eguzkilore-plateado-c-cadena\/#primaryimage"},"image":{"@id":"https:\/\/makupapeleriaregalo.com\/producto\/colgante-eguzkilore-plateado-c-cadena\/#primaryimage"},"thumbnailUrl":"https:\/\/makupapeleriaregalo.com\/wp-content\/uploads\/2023\/11\/EGUZKI-BL-scaled.jpg","datePublished":"2023-11-24T11:07:27+00:00","dateModified":"2024-03-06T17:32:01+00:00","breadcrumb":{"@id":"https:\/\/makupapeleriaregalo.com\/producto\/colgante-eguzkilore-plateado-c-cadena\/#breadcrumb"},"inLanguage":"eu","potentialAction":[{"@type":"ReadAction","target":["https:\/\/makupapeleriaregalo.com\/producto\/colgante-eguzkilore-plateado-c-cadena\/"]}]},{"@type":"ImageObject","inLanguage":"eu","@id":"https:\/\/makupapeleriaregalo.com\/producto\/colgante-eguzkilore-plateado-c-cadena\/#primaryimage","url":"https:\/\/makupapeleriaregalo.com\/wp-content\/uploads\/2023\/11\/EGUZKI-BL-scaled.jpg","contentUrl":"https:\/\/makupapeleriaregalo.com\/wp-content\/uploads\/2023\/11\/EGUZKI-BL-scaled.jpg","width":2560,"height":2480},{"@type":"BreadcrumbList","@id":"https:\/\/makupapeleriaregalo.com\/producto\/colgante-eguzkilore-plateado-c-cadena\/#breadcrumb","itemListElement":[{"@type":"ListItem","position":1,"name":"Portada","item":"https:\/\/makupapeleriaregalo.com\/"},{"@type":"ListItem","position":2,"name":"Tienda","item":"https:\/\/makupapeleriaregalo.com\/tienda\/"},{"@type":"ListItem","position":3,"name":"Colgante Eguzkilore Plateado con Cadena"}]},{"@type":"WebSite","@id":"https:\/\/makupapeleriaregalo.com\/#website","url":"https:\/\/makupapeleriaregalo.com\/","name":"Maku Papeler\u00eda Creativa y Regalo","description":"","publisher":{"@id":"https:\/\/makupapeleriaregalo.com\/#organization"},"potentialAction":[{"@type":"SearchAction","target":{"@type":"EntryPoint","urlTemplate":"https:\/\/makupapeleriaregalo.com\/?s={search_term_string}"},"query-input":{"@type":"PropertyValueSpecification","valueRequired":true,"valueName":"search_term_string"}}],"inLanguage":"eu"},{"@type":"Organization","@id":"https:\/\/makupapeleriaregalo.com\/#organization","name":"Maku Papeler\u00eda Creativa y Regalo","url":"https:\/\/makupapeleriaregalo.com\/","logo":{"@type":"ImageObject","inLanguage":"eu","@id":"https:\/\/makupapeleriaregalo.com\/#\/schema\/logo\/image\/","url":"https:\/\/makupapeleriaregalo.com\/wp-content\/uploads\/2023\/11\/cropped-logo-MAKU-Maku-Maku-1.png","contentUrl":"https:\/\/makupapeleriaregalo.com\/wp-content\/uploads\/2023\/11\/cropped-logo-MAKU-Maku-Maku-1.png","width":277,"height":94,"caption":"Maku Papeler\u00eda Creativa y Regalo"},"image":{"@id":"https:\/\/makupapeleriaregalo.com\/#\/schema\/logo\/image\/"}}]}},"jetpack_sharing_enabled":true,"_links":{"self":[{"href":"https:\/\/makupapeleriaregalo.com\/eu\/wp-json\/wp\/v2\/product\/102","targetHints":{"allow":["GET"]}}],"collection":[{"href":"https:\/\/makupapeleriaregalo.com\/eu\/wp-json\/wp\/v2\/product"}],"about":[{"href":"https:\/\/makupapeleriaregalo.com\/eu\/wp-json\/wp\/v2\/types\/product"}],"wp:featuredmedia":[{"embeddable":true,"href":"https:\/\/makupapeleriaregalo.com\/eu\/wp-json\/wp\/v2\/media\/772"}],"wp:attachment":[{"href":"https:\/\/makupapeleriaregalo.com\/eu\/wp-json\/wp\/v2\/media?parent=102"}],"wp:term":[{"taxonomy":"product_brand","embeddable":true,"href":"https:\/\/makupapeleriaregalo.com\/eu\/wp-json\/wp\/v2\/product_brand?post=102"},{"taxonomy":"product_cat","embeddable":true,"href":"https:\/\/makupapeleriaregalo.com\/eu\/wp-json\/wp\/v2\/product_cat?post=102"},{"taxonomy":"product_tag","embeddable":true,"href":"https:\/\/makupapeleriaregalo.com\/eu\/wp-json\/wp\/v2\/product_tag?post=102"}],"curies":[{"name":"wp","href":"https:\/\/api.w.org\/{rel}","templated":true}]}}