{"id":1436,"date":"2024-03-13T15:17:12","date_gmt":"2024-03-13T15:17:12","guid":{"rendered":"https:\/\/makupapeleriaregalo.com\/?post_type=product&#038;p=1436"},"modified":"2024-11-07T20:27:20","modified_gmt":"2024-11-07T20:27:20","slug":"altavoz-agrroove-minikreafunk","status":"publish","type":"product","link":"https:\/\/makupapeleriaregalo.com\/eu\/produktua\/altavoz-agrroove-minikreafunk\/","title":{"rendered":"Altavoz aGROVE Mini<br>Kreafunk"},"content":{"rendered":"<p>Lo suficientemente peque\u00f1o para caber en tu bolsillo.<br \/>\nUna alta calidad de sonido, y tambi\u00e9n un bonito elemento decorativo<\/p>\n<p>Medidas: 13 x 5 x 2 cm. Peso: 135 grs.<br \/>\nAlcance: hasta 10 m. Reproducci\u00f3n est\u00e9reo (TWS)<br \/>\nAutonom\u00eda: hasta 20 h.<br \/>\nTiempo de carga: 2- 3 h. USB o 4-5 h. Qi<br \/>\nReproducci\u00f3n est\u00e9reo (TWS)<br \/>\nIPX4 Resistente a los sitios h\u00famedos. (Ba\u00f1o, Playa)<br \/>\nRecargable a trav\u00e9s de USB(cable incluido)<\/p>","protected":false},"excerpt":{"rendered":"<p>Lo suficientemente peque\u00f1o para caber en tu bolsillo.<br \/>\nUna alta calidad de sonido, y tambi\u00e9n un bonito elemento decorativo<\/p>\n<p>Medidas: 13 x 5 x 2 cm. Peso: 135 grs.<br \/>\nAlcance: hasta 10 m. Reproducci\u00f3n est\u00e9reo (TWS)<br \/>\nAutonom\u00eda: hasta 20 h.<br \/>\nTiempo de carga: 2- 3 h. USB o 4-5 h. Qi<br \/>\nReproducci\u00f3n est\u00e9reo (TWS)<br \/>\nIPX4 Resistente a los sitios h\u00famedos. (Ba\u00f1o, Playa)<br \/>\nRecargable a trav\u00e9s de USB(cable incluido)<\/p>","protected":false},"featured_media":1445,"template":"","meta":[],"product_brand":[],"product_cat":[56,38],"product_tag":[],"class_list":{"0":"post-1436","1":"product","2":"type-product","3":"status-publish","4":"has-post-thumbnail","6":"product_cat-electronica","7":"product_cat-productos","9":"first","10":"instock","11":"shipping-taxable","12":"purchasable","13":"product-type-variable"},"yoast_head":"<!-- This site is optimized with the Yoast SEO plugin v27.3 - https:\/\/yoast.com\/product\/yoast-seo-wordpress\/ -->\n<title>Altavoz aGROVE MiniKreafunk - Maku Papeler\u00eda Creativa y Regalo<\/title>\n<meta name=\"robots\" content=\"index, follow, max-snippet:-1, max-image-preview:large, max-video-preview:-1\" \/>\n<link rel=\"canonical\" href=\"https:\/\/makupapeleriaregalo.com\/eu\/produktua\/altavoz-agrroove-minikreafunk\/\" \/>\n<meta property=\"og:locale\" content=\"en_US\" \/>\n<meta property=\"og:type\" content=\"article\" \/>\n<meta property=\"og:title\" content=\"Altavoz aGROVE MiniKreafunk - Maku Papeler\u00eda Creativa y Regalo\" \/>\n<meta property=\"og:description\" content=\"Lo suficientemente peque\u00f1o para caber en tu bolsillo. Una alta calidad de sonido, y tambi\u00e9n un bonito elemento decorativo  Medidas: 13 x 5 x 2 cm. Peso: 135 grs. Alcance: hasta 10 m. Reproducci\u00f3n est\u00e9reo (TWS) Autonom\u00eda: hasta 20 h. Tiempo de carga: 2- 3 h. USB o 4-5 h. Qi Reproducci\u00f3n est\u00e9reo (TWS) IPX4 Resistente a los sitios h\u00famedos. (Ba\u00f1o, Playa) Recargable a trav\u00e9s de USB(cable incluido)\" \/>\n<meta property=\"og:url\" content=\"https:\/\/makupapeleriaregalo.com\/eu\/produktua\/altavoz-agrroove-minikreafunk\/\" \/>\n<meta property=\"og:site_name\" content=\"Maku Papeler\u00eda Creativa y Regalo\" \/>\n<meta property=\"article:modified_time\" content=\"2024-11-07T20:27:20+00:00\" \/>\n<meta property=\"og:image\" content=\"https:\/\/makupapeleriaregalo.com\/wp-content\/uploads\/2024\/03\/aGROOVEminiriverblue.webp\" \/>\n\t<meta property=\"og:image:width\" content=\"1080\" \/>\n\t<meta property=\"og:image:height\" content=\"1080\" \/>\n\t<meta property=\"og:image:type\" content=\"image\/webp\" \/>\n<meta name=\"twitter:card\" content=\"summary_large_image\" \/>\n<meta name=\"twitter:label1\" content=\"Est. reading time\" \/>\n\t<meta name=\"twitter:data1\" content=\"1 minutua\" \/>\n<script type=\"application\/ld+json\" class=\"yoast-schema-graph\">{\"@context\":\"https:\\\/\\\/schema.org\",\"@graph\":[{\"@type\":\"WebPage\",\"@id\":\"https:\\\/\\\/makupapeleriaregalo.com\\\/producto\\\/altavoz-agrroove-minikreafunk\\\/\",\"url\":\"https:\\\/\\\/makupapeleriaregalo.com\\\/producto\\\/altavoz-agrroove-minikreafunk\\\/\",\"name\":\"Altavoz aGROVE Mini Kreafunk - Maku Papeler\u00eda Creativa y Regalo\",\"isPartOf\":{\"@id\":\"https:\\\/\\\/makupapeleriaregalo.com\\\/#website\"},\"primaryImageOfPage\":{\"@id\":\"https:\\\/\\\/makupapeleriaregalo.com\\\/producto\\\/altavoz-agrroove-minikreafunk\\\/#primaryimage\"},\"image\":{\"@id\":\"https:\\\/\\\/makupapeleriaregalo.com\\\/producto\\\/altavoz-agrroove-minikreafunk\\\/#primaryimage\"},\"thumbnailUrl\":\"https:\\\/\\\/makupapeleriaregalo.com\\\/wp-content\\\/uploads\\\/2024\\\/03\\\/aGROOVEminiriverblue.webp\",\"datePublished\":\"2024-03-13T15:17:12+00:00\",\"dateModified\":\"2024-11-07T20:27:20+00:00\",\"breadcrumb\":{\"@id\":\"https:\\\/\\\/makupapeleriaregalo.com\\\/producto\\\/altavoz-agrroove-minikreafunk\\\/#breadcrumb\"},\"inLanguage\":\"eu\",\"potentialAction\":[{\"@type\":\"ReadAction\",\"target\":[\"https:\\\/\\\/makupapeleriaregalo.com\\\/producto\\\/altavoz-agrroove-minikreafunk\\\/\"]}]},{\"@type\":\"ImageObject\",\"inLanguage\":\"eu\",\"@id\":\"https:\\\/\\\/makupapeleriaregalo.com\\\/producto\\\/altavoz-agrroove-minikreafunk\\\/#primaryimage\",\"url\":\"https:\\\/\\\/makupapeleriaregalo.com\\\/wp-content\\\/uploads\\\/2024\\\/03\\\/aGROOVEminiriverblue.webp\",\"contentUrl\":\"https:\\\/\\\/makupapeleriaregalo.com\\\/wp-content\\\/uploads\\\/2024\\\/03\\\/aGROOVEminiriverblue.webp\",\"width\":1080,\"height\":1080},{\"@type\":\"BreadcrumbList\",\"@id\":\"https:\\\/\\\/makupapeleriaregalo.com\\\/producto\\\/altavoz-agrroove-minikreafunk\\\/#breadcrumb\",\"itemListElement\":[{\"@type\":\"ListItem\",\"position\":1,\"name\":\"Portada\",\"item\":\"https:\\\/\\\/makupapeleriaregalo.com\\\/\"},{\"@type\":\"ListItem\",\"position\":2,\"name\":\"Tienda\",\"item\":\"https:\\\/\\\/makupapeleriaregalo.com\\\/tienda\\\/\"},{\"@type\":\"ListItem\",\"position\":3,\"name\":\"Altavoz aGROVE MiniKreafunk\"}]},{\"@type\":\"WebSite\",\"@id\":\"https:\\\/\\\/makupapeleriaregalo.com\\\/#website\",\"url\":\"https:\\\/\\\/makupapeleriaregalo.com\\\/\",\"name\":\"Maku Papeler\u00eda Creativa y Regalo\",\"description\":\"\",\"publisher\":{\"@id\":\"https:\\\/\\\/makupapeleriaregalo.com\\\/#organization\"},\"potentialAction\":[{\"@type\":\"SearchAction\",\"target\":{\"@type\":\"EntryPoint\",\"urlTemplate\":\"https:\\\/\\\/makupapeleriaregalo.com\\\/?s={search_term_string}\"},\"query-input\":{\"@type\":\"PropertyValueSpecification\",\"valueRequired\":true,\"valueName\":\"search_term_string\"}}],\"inLanguage\":\"eu\"},{\"@type\":\"Organization\",\"@id\":\"https:\\\/\\\/makupapeleriaregalo.com\\\/#organization\",\"name\":\"Maku Papeler\u00eda Creativa y Regalo\",\"url\":\"https:\\\/\\\/makupapeleriaregalo.com\\\/\",\"logo\":{\"@type\":\"ImageObject\",\"inLanguage\":\"eu\",\"@id\":\"https:\\\/\\\/makupapeleriaregalo.com\\\/#\\\/schema\\\/logo\\\/image\\\/\",\"url\":\"https:\\\/\\\/makupapeleriaregalo.com\\\/wp-content\\\/uploads\\\/2023\\\/11\\\/cropped-logo-MAKU-Maku-Maku-1.png\",\"contentUrl\":\"https:\\\/\\\/makupapeleriaregalo.com\\\/wp-content\\\/uploads\\\/2023\\\/11\\\/cropped-logo-MAKU-Maku-Maku-1.png\",\"width\":277,\"height\":94,\"caption\":\"Maku Papeler\u00eda Creativa y Regalo\"},\"image\":{\"@id\":\"https:\\\/\\\/makupapeleriaregalo.com\\\/#\\\/schema\\\/logo\\\/image\\\/\"}}]}<\/script>\n<!-- \/ Yoast SEO plugin. -->","yoast_head_json":{"title":"Altavoz aGROVE MiniKreafunk - Maku Papeler\u00eda Creativa y Regalo","robots":{"index":"index","follow":"follow","max-snippet":"max-snippet:-1","max-image-preview":"max-image-preview:large","max-video-preview":"max-video-preview:-1"},"canonical":"https:\/\/makupapeleriaregalo.com\/eu\/produktua\/altavoz-agrroove-minikreafunk\/","og_locale":"en_US","og_type":"article","og_title":"Altavoz aGROVE MiniKreafunk - Maku Papeler\u00eda Creativa y Regalo","og_description":"Lo suficientemente peque\u00f1o para caber en tu bolsillo. Una alta calidad de sonido, y tambi\u00e9n un bonito elemento decorativo  Medidas: 13 x 5 x 2 cm. Peso: 135 grs. Alcance: hasta 10 m. Reproducci\u00f3n est\u00e9reo (TWS) Autonom\u00eda: hasta 20 h. Tiempo de carga: 2- 3 h. USB o 4-5 h. Qi Reproducci\u00f3n est\u00e9reo (TWS) IPX4 Resistente a los sitios h\u00famedos. (Ba\u00f1o, Playa) Recargable a trav\u00e9s de USB(cable incluido)","og_url":"https:\/\/makupapeleriaregalo.com\/eu\/produktua\/altavoz-agrroove-minikreafunk\/","og_site_name":"Maku Papeler\u00eda Creativa y Regalo","article_modified_time":"2024-11-07T20:27:20+00:00","og_image":[{"width":1080,"height":1080,"url":"https:\/\/makupapeleriaregalo.com\/wp-content\/uploads\/2024\/03\/aGROOVEminiriverblue.webp","type":"image\/webp"}],"twitter_card":"summary_large_image","twitter_misc":{"Est. reading time":"1 minutua"},"schema":{"@context":"https:\/\/schema.org","@graph":[{"@type":"WebPage","@id":"https:\/\/makupapeleriaregalo.com\/producto\/altavoz-agrroove-minikreafunk\/","url":"https:\/\/makupapeleriaregalo.com\/producto\/altavoz-agrroove-minikreafunk\/","name":"Altavoz aGROVE Mini Kreafunk - Maku Papeler\u00eda Creativa y Regalo","isPartOf":{"@id":"https:\/\/makupapeleriaregalo.com\/#website"},"primaryImageOfPage":{"@id":"https:\/\/makupapeleriaregalo.com\/producto\/altavoz-agrroove-minikreafunk\/#primaryimage"},"image":{"@id":"https:\/\/makupapeleriaregalo.com\/producto\/altavoz-agrroove-minikreafunk\/#primaryimage"},"thumbnailUrl":"https:\/\/makupapeleriaregalo.com\/wp-content\/uploads\/2024\/03\/aGROOVEminiriverblue.webp","datePublished":"2024-03-13T15:17:12+00:00","dateModified":"2024-11-07T20:27:20+00:00","breadcrumb":{"@id":"https:\/\/makupapeleriaregalo.com\/producto\/altavoz-agrroove-minikreafunk\/#breadcrumb"},"inLanguage":"eu","potentialAction":[{"@type":"ReadAction","target":["https:\/\/makupapeleriaregalo.com\/producto\/altavoz-agrroove-minikreafunk\/"]}]},{"@type":"ImageObject","inLanguage":"eu","@id":"https:\/\/makupapeleriaregalo.com\/producto\/altavoz-agrroove-minikreafunk\/#primaryimage","url":"https:\/\/makupapeleriaregalo.com\/wp-content\/uploads\/2024\/03\/aGROOVEminiriverblue.webp","contentUrl":"https:\/\/makupapeleriaregalo.com\/wp-content\/uploads\/2024\/03\/aGROOVEminiriverblue.webp","width":1080,"height":1080},{"@type":"BreadcrumbList","@id":"https:\/\/makupapeleriaregalo.com\/producto\/altavoz-agrroove-minikreafunk\/#breadcrumb","itemListElement":[{"@type":"ListItem","position":1,"name":"Portada","item":"https:\/\/makupapeleriaregalo.com\/"},{"@type":"ListItem","position":2,"name":"Tienda","item":"https:\/\/makupapeleriaregalo.com\/tienda\/"},{"@type":"ListItem","position":3,"name":"Altavoz aGROVE MiniKreafunk"}]},{"@type":"WebSite","@id":"https:\/\/makupapeleriaregalo.com\/#website","url":"https:\/\/makupapeleriaregalo.com\/","name":"Maku Papeler\u00eda Creativa y Regalo","description":"","publisher":{"@id":"https:\/\/makupapeleriaregalo.com\/#organization"},"potentialAction":[{"@type":"SearchAction","target":{"@type":"EntryPoint","urlTemplate":"https:\/\/makupapeleriaregalo.com\/?s={search_term_string}"},"query-input":{"@type":"PropertyValueSpecification","valueRequired":true,"valueName":"search_term_string"}}],"inLanguage":"eu"},{"@type":"Organization","@id":"https:\/\/makupapeleriaregalo.com\/#organization","name":"Maku Papeler\u00eda Creativa y Regalo","url":"https:\/\/makupapeleriaregalo.com\/","logo":{"@type":"ImageObject","inLanguage":"eu","@id":"https:\/\/makupapeleriaregalo.com\/#\/schema\/logo\/image\/","url":"https:\/\/makupapeleriaregalo.com\/wp-content\/uploads\/2023\/11\/cropped-logo-MAKU-Maku-Maku-1.png","contentUrl":"https:\/\/makupapeleriaregalo.com\/wp-content\/uploads\/2023\/11\/cropped-logo-MAKU-Maku-Maku-1.png","width":277,"height":94,"caption":"Maku Papeler\u00eda Creativa y Regalo"},"image":{"@id":"https:\/\/makupapeleriaregalo.com\/#\/schema\/logo\/image\/"}}]}},"jetpack_sharing_enabled":true,"_links":{"self":[{"href":"https:\/\/makupapeleriaregalo.com\/eu\/wp-json\/wp\/v2\/product\/1436","targetHints":{"allow":["GET"]}}],"collection":[{"href":"https:\/\/makupapeleriaregalo.com\/eu\/wp-json\/wp\/v2\/product"}],"about":[{"href":"https:\/\/makupapeleriaregalo.com\/eu\/wp-json\/wp\/v2\/types\/product"}],"wp:featuredmedia":[{"embeddable":true,"href":"https:\/\/makupapeleriaregalo.com\/eu\/wp-json\/wp\/v2\/media\/1445"}],"wp:attachment":[{"href":"https:\/\/makupapeleriaregalo.com\/eu\/wp-json\/wp\/v2\/media?parent=1436"}],"wp:term":[{"taxonomy":"product_brand","embeddable":true,"href":"https:\/\/makupapeleriaregalo.com\/eu\/wp-json\/wp\/v2\/product_brand?post=1436"},{"taxonomy":"product_cat","embeddable":true,"href":"https:\/\/makupapeleriaregalo.com\/eu\/wp-json\/wp\/v2\/product_cat?post=1436"},{"taxonomy":"product_tag","embeddable":true,"href":"https:\/\/makupapeleriaregalo.com\/eu\/wp-json\/wp\/v2\/product_tag?post=1436"}],"curies":[{"name":"wp","href":"https:\/\/api.w.org\/{rel}","templated":true}]}}