{"id":1637,"date":"2024-03-19T15:40:57","date_gmt":"2024-03-19T15:40:57","guid":{"rendered":"https:\/\/makupapeleriaregalo.com\/?post_type=product&#038;p=1637"},"modified":"2024-10-24T11:26:24","modified_gmt":"2024-10-24T11:26:24","slug":"recordatorios-comunion","status":"publish","type":"product","link":"https:\/\/makupapeleriaregalo.com\/eu\/produktua\/recordatorios-comunion\/","title":{"rendered":"Recordatorios Comuni\u00f3n"},"content":{"rendered":"<p>Hechos por nosotros.<br \/>\nVariedad de Dise\u00f1os.<\/p>\n<p>Tama\u00f1o: 8 X 12 cm.<br \/>\nMaterial: Cartulina conqueror verjurado<\/p>\n<p><strong>Sin Impresi\u00f3n: 1,50 Unidad (cantidad m\u00ednima 12)<br \/>\nCon Impresi\u00f3n: 25\u20ac + 1,50 por la cantidad elegida<\/strong><br \/>\nSe env\u00eda prueba de color y texto (por email o whatsapp)<\/p>","protected":false},"excerpt":{"rendered":"<p>Hechos por nosotros.<br \/>\nVariedad de Dise\u00f1os.<\/p>\n<p>Tama\u00f1o: 8 X 12 cm.<br \/>\nMaterial: Cartulina conqueror verjurado<\/p>\n<p><strong>Sin Impresi\u00f3n: 1,50 Unidad (cantidad m\u00ednima 12)<br \/>\nCon Impresi\u00f3n: 25\u20ac + 1,50 por la cantidad elegida<\/strong><br \/>\nSe env\u00eda prueba de color y texto (por email o whatsapp)<\/p>\n<p><strong>Personalizados<\/strong><\/p>\n<p>\u00a1Haz que este momento especial sea a\u00fan m\u00e1s inolvidable con nuestros recordatorios de comuni\u00f3n personalizados! Dise\u00f1ados con cari\u00f1o y atenci\u00f3n a los detalles, puedes elegir entre varios modelos y a\u00f1adir el nombre, la fecha y el sitio o la iglesia.<\/p>\n<p>Perfectos para guardar como un recuerdo \u00fanico de este d\u00eda tan especial.<\/p>\n<p>Contacta con nosotros por WhatsApp<\/p>\n<link rel=\"stylesheet\" href=\"https:\/\/cdnjs.cloudflare.com\/ajax\/libs\/font-awesome\/4.7.0\/css\/font-awesome.min.css\">\n<a href=\"https:\/\/wa.me\/34747406047?text=Ol\u00e1,%20gostaria%20de%20saber%20mais%20sobre%20o%20produto%20[Recordatorios Comuni\u00f3n]\" target=\"_blank\" rel=\"noopener\"><br \/>\n<button style=\"background-color: #25d366; color: white; padding: 10px; display: flex; justify-content: center; align-items: center; border: none; border-radius: 5px; cursor: pointer;\"><br \/>\n<span style=\"font-size: 18px; color: white;\">WhatsApp <i class=\"fa\">&#xf232;<\/i><\/span><br \/>\n<\/button><br \/>\n<\/a><\/p>\n","protected":false},"featured_media":1635,"template":"","meta":[],"product_brand":[],"product_cat":[103,87,57],"product_tag":[],"class_list":{"0":"post-1637","1":"product","2":"type-product","3":"status-publish","4":"has-post-thumbnail","6":"product_cat-comunion","7":"product_cat-eventos","8":"product_cat-hecho-por-nosotros","10":"first","11":"instock","12":"shipping-taxable","13":"purchasable","14":"product-type-variable"},"yoast_head":"<!-- This site is optimized with the Yoast SEO plugin v27.3 - https:\/\/yoast.com\/product\/yoast-seo-wordpress\/ -->\n<title>Recordatorios Comuni\u00f3n - Maku Papeler\u00eda Creativa y Regalo<\/title>\n<meta name=\"robots\" content=\"index, follow, max-snippet:-1, max-image-preview:large, max-video-preview:-1\" \/>\n<link rel=\"canonical\" href=\"https:\/\/makupapeleriaregalo.com\/eu\/produktua\/recordatorios-comunion\/\" \/>\n<meta property=\"og:locale\" content=\"en_US\" \/>\n<meta property=\"og:type\" content=\"article\" \/>\n<meta property=\"og:title\" content=\"Recordatorios Comuni\u00f3n - Maku Papeler\u00eda Creativa y Regalo\" \/>\n<meta property=\"og:description\" content=\"Hechos por nosotros. Variedad de Dise\u00f1os.  Tama\u00f1o: 8 X 12 cm. Material: Cartulina conqueror verjurado  Sin Impresi\u00f3n: 1,50 Unidad (cantidad m\u00ednima 12) Con Impresi\u00f3n: 25\u20ac + 1,50 por la cantidad elegida Se env\u00eda prueba de color y texto (por email o whatsapp)  Personalizados  \u00a1Haz que este momento especial sea a\u00fan m\u00e1s inolvidable con nuestros recordatorios de comuni\u00f3n personalizados! Dise\u00f1ados con cari\u00f1o y atenci\u00f3n a los detalles, puedes elegir entre varios modelos y a\u00f1adir el nombre, la fecha y el sitio o la iglesia.  Perfectos para guardar como un recuerdo \u00fanico de este d\u00eda tan especial.  Contacta con nosotros por WhatsApp      WhatsApp &#xf232;\" \/>\n<meta property=\"og:url\" content=\"https:\/\/makupapeleriaregalo.com\/eu\/produktua\/recordatorios-comunion\/\" \/>\n<meta property=\"og:site_name\" content=\"Maku Papeler\u00eda Creativa y Regalo\" \/>\n<meta property=\"article:modified_time\" content=\"2024-10-24T11:26:24+00:00\" \/>\n<meta property=\"og:image\" content=\"https:\/\/makupapeleriaregalo.com\/wp-content\/uploads\/2024\/03\/IMG_3862-2-scaled.jpg\" \/>\n\t<meta property=\"og:image:width\" content=\"1912\" \/>\n\t<meta property=\"og:image:height\" content=\"2560\" \/>\n\t<meta property=\"og:image:type\" content=\"image\/jpeg\" \/>\n<meta name=\"twitter:card\" content=\"summary_large_image\" \/>\n<meta name=\"twitter:label1\" content=\"Est. reading time\" \/>\n\t<meta name=\"twitter:data1\" content=\"1 minutua\" \/>\n<script type=\"application\/ld+json\" class=\"yoast-schema-graph\">{\"@context\":\"https:\\\/\\\/schema.org\",\"@graph\":[{\"@type\":\"WebPage\",\"@id\":\"https:\\\/\\\/makupapeleriaregalo.com\\\/producto\\\/recordatorios-comunion\\\/\",\"url\":\"https:\\\/\\\/makupapeleriaregalo.com\\\/producto\\\/recordatorios-comunion\\\/\",\"name\":\"Recordatorios Comuni\u00f3n - Maku Papeler\u00eda Creativa y Regalo\",\"isPartOf\":{\"@id\":\"https:\\\/\\\/makupapeleriaregalo.com\\\/#website\"},\"primaryImageOfPage\":{\"@id\":\"https:\\\/\\\/makupapeleriaregalo.com\\\/producto\\\/recordatorios-comunion\\\/#primaryimage\"},\"image\":{\"@id\":\"https:\\\/\\\/makupapeleriaregalo.com\\\/producto\\\/recordatorios-comunion\\\/#primaryimage\"},\"thumbnailUrl\":\"https:\\\/\\\/makupapeleriaregalo.com\\\/wp-content\\\/uploads\\\/2024\\\/03\\\/IMG_3862-2-scaled.jpg\",\"datePublished\":\"2024-03-19T15:40:57+00:00\",\"dateModified\":\"2024-10-24T11:26:24+00:00\",\"breadcrumb\":{\"@id\":\"https:\\\/\\\/makupapeleriaregalo.com\\\/producto\\\/recordatorios-comunion\\\/#breadcrumb\"},\"inLanguage\":\"eu\",\"potentialAction\":[{\"@type\":\"ReadAction\",\"target\":[\"https:\\\/\\\/makupapeleriaregalo.com\\\/producto\\\/recordatorios-comunion\\\/\"]}]},{\"@type\":\"ImageObject\",\"inLanguage\":\"eu\",\"@id\":\"https:\\\/\\\/makupapeleriaregalo.com\\\/producto\\\/recordatorios-comunion\\\/#primaryimage\",\"url\":\"https:\\\/\\\/makupapeleriaregalo.com\\\/wp-content\\\/uploads\\\/2024\\\/03\\\/IMG_3862-2-scaled.jpg\",\"contentUrl\":\"https:\\\/\\\/makupapeleriaregalo.com\\\/wp-content\\\/uploads\\\/2024\\\/03\\\/IMG_3862-2-scaled.jpg\",\"width\":1912,\"height\":2560},{\"@type\":\"BreadcrumbList\",\"@id\":\"https:\\\/\\\/makupapeleriaregalo.com\\\/producto\\\/recordatorios-comunion\\\/#breadcrumb\",\"itemListElement\":[{\"@type\":\"ListItem\",\"position\":1,\"name\":\"Portada\",\"item\":\"https:\\\/\\\/makupapeleriaregalo.com\\\/\"},{\"@type\":\"ListItem\",\"position\":2,\"name\":\"Tienda\",\"item\":\"https:\\\/\\\/makupapeleriaregalo.com\\\/tienda\\\/\"},{\"@type\":\"ListItem\",\"position\":3,\"name\":\"Recordatorios Comuni\u00f3n\"}]},{\"@type\":\"WebSite\",\"@id\":\"https:\\\/\\\/makupapeleriaregalo.com\\\/#website\",\"url\":\"https:\\\/\\\/makupapeleriaregalo.com\\\/\",\"name\":\"Maku Papeler\u00eda Creativa y Regalo\",\"description\":\"\",\"publisher\":{\"@id\":\"https:\\\/\\\/makupapeleriaregalo.com\\\/#organization\"},\"potentialAction\":[{\"@type\":\"SearchAction\",\"target\":{\"@type\":\"EntryPoint\",\"urlTemplate\":\"https:\\\/\\\/makupapeleriaregalo.com\\\/?s={search_term_string}\"},\"query-input\":{\"@type\":\"PropertyValueSpecification\",\"valueRequired\":true,\"valueName\":\"search_term_string\"}}],\"inLanguage\":\"eu\"},{\"@type\":\"Organization\",\"@id\":\"https:\\\/\\\/makupapeleriaregalo.com\\\/#organization\",\"name\":\"Maku Papeler\u00eda Creativa y Regalo\",\"url\":\"https:\\\/\\\/makupapeleriaregalo.com\\\/\",\"logo\":{\"@type\":\"ImageObject\",\"inLanguage\":\"eu\",\"@id\":\"https:\\\/\\\/makupapeleriaregalo.com\\\/#\\\/schema\\\/logo\\\/image\\\/\",\"url\":\"https:\\\/\\\/makupapeleriaregalo.com\\\/wp-content\\\/uploads\\\/2023\\\/11\\\/cropped-logo-MAKU-Maku-Maku-1.png\",\"contentUrl\":\"https:\\\/\\\/makupapeleriaregalo.com\\\/wp-content\\\/uploads\\\/2023\\\/11\\\/cropped-logo-MAKU-Maku-Maku-1.png\",\"width\":277,\"height\":94,\"caption\":\"Maku Papeler\u00eda Creativa y Regalo\"},\"image\":{\"@id\":\"https:\\\/\\\/makupapeleriaregalo.com\\\/#\\\/schema\\\/logo\\\/image\\\/\"}}]}<\/script>\n<!-- \/ Yoast SEO plugin. -->","yoast_head_json":{"title":"Recordatorios Comuni\u00f3n - Maku Papeler\u00eda Creativa y Regalo","robots":{"index":"index","follow":"follow","max-snippet":"max-snippet:-1","max-image-preview":"max-image-preview:large","max-video-preview":"max-video-preview:-1"},"canonical":"https:\/\/makupapeleriaregalo.com\/eu\/produktua\/recordatorios-comunion\/","og_locale":"en_US","og_type":"article","og_title":"Recordatorios Comuni\u00f3n - Maku Papeler\u00eda Creativa y Regalo","og_description":"Hechos por nosotros. Variedad de Dise\u00f1os.  Tama\u00f1o: 8 X 12 cm. Material: Cartulina conqueror verjurado  Sin Impresi\u00f3n: 1,50 Unidad (cantidad m\u00ednima 12) Con Impresi\u00f3n: 25\u20ac + 1,50 por la cantidad elegida Se env\u00eda prueba de color y texto (por email o whatsapp)  Personalizados  \u00a1Haz que este momento especial sea a\u00fan m\u00e1s inolvidable con nuestros recordatorios de comuni\u00f3n personalizados! Dise\u00f1ados con cari\u00f1o y atenci\u00f3n a los detalles, puedes elegir entre varios modelos y a\u00f1adir el nombre, la fecha y el sitio o la iglesia.  Perfectos para guardar como un recuerdo \u00fanico de este d\u00eda tan especial.  Contacta con nosotros por WhatsApp      WhatsApp &#xf232;","og_url":"https:\/\/makupapeleriaregalo.com\/eu\/produktua\/recordatorios-comunion\/","og_site_name":"Maku Papeler\u00eda Creativa y Regalo","article_modified_time":"2024-10-24T11:26:24+00:00","og_image":[{"width":1912,"height":2560,"url":"https:\/\/makupapeleriaregalo.com\/wp-content\/uploads\/2024\/03\/IMG_3862-2-scaled.jpg","type":"image\/jpeg"}],"twitter_card":"summary_large_image","twitter_misc":{"Est. reading time":"1 minutua"},"schema":{"@context":"https:\/\/schema.org","@graph":[{"@type":"WebPage","@id":"https:\/\/makupapeleriaregalo.com\/producto\/recordatorios-comunion\/","url":"https:\/\/makupapeleriaregalo.com\/producto\/recordatorios-comunion\/","name":"Recordatorios Comuni\u00f3n - Maku Papeler\u00eda Creativa y Regalo","isPartOf":{"@id":"https:\/\/makupapeleriaregalo.com\/#website"},"primaryImageOfPage":{"@id":"https:\/\/makupapeleriaregalo.com\/producto\/recordatorios-comunion\/#primaryimage"},"image":{"@id":"https:\/\/makupapeleriaregalo.com\/producto\/recordatorios-comunion\/#primaryimage"},"thumbnailUrl":"https:\/\/makupapeleriaregalo.com\/wp-content\/uploads\/2024\/03\/IMG_3862-2-scaled.jpg","datePublished":"2024-03-19T15:40:57+00:00","dateModified":"2024-10-24T11:26:24+00:00","breadcrumb":{"@id":"https:\/\/makupapeleriaregalo.com\/producto\/recordatorios-comunion\/#breadcrumb"},"inLanguage":"eu","potentialAction":[{"@type":"ReadAction","target":["https:\/\/makupapeleriaregalo.com\/producto\/recordatorios-comunion\/"]}]},{"@type":"ImageObject","inLanguage":"eu","@id":"https:\/\/makupapeleriaregalo.com\/producto\/recordatorios-comunion\/#primaryimage","url":"https:\/\/makupapeleriaregalo.com\/wp-content\/uploads\/2024\/03\/IMG_3862-2-scaled.jpg","contentUrl":"https:\/\/makupapeleriaregalo.com\/wp-content\/uploads\/2024\/03\/IMG_3862-2-scaled.jpg","width":1912,"height":2560},{"@type":"BreadcrumbList","@id":"https:\/\/makupapeleriaregalo.com\/producto\/recordatorios-comunion\/#breadcrumb","itemListElement":[{"@type":"ListItem","position":1,"name":"Portada","item":"https:\/\/makupapeleriaregalo.com\/"},{"@type":"ListItem","position":2,"name":"Tienda","item":"https:\/\/makupapeleriaregalo.com\/tienda\/"},{"@type":"ListItem","position":3,"name":"Recordatorios Comuni\u00f3n"}]},{"@type":"WebSite","@id":"https:\/\/makupapeleriaregalo.com\/#website","url":"https:\/\/makupapeleriaregalo.com\/","name":"Maku Papeler\u00eda Creativa y Regalo","description":"","publisher":{"@id":"https:\/\/makupapeleriaregalo.com\/#organization"},"potentialAction":[{"@type":"SearchAction","target":{"@type":"EntryPoint","urlTemplate":"https:\/\/makupapeleriaregalo.com\/?s={search_term_string}"},"query-input":{"@type":"PropertyValueSpecification","valueRequired":true,"valueName":"search_term_string"}}],"inLanguage":"eu"},{"@type":"Organization","@id":"https:\/\/makupapeleriaregalo.com\/#organization","name":"Maku Papeler\u00eda Creativa y Regalo","url":"https:\/\/makupapeleriaregalo.com\/","logo":{"@type":"ImageObject","inLanguage":"eu","@id":"https:\/\/makupapeleriaregalo.com\/#\/schema\/logo\/image\/","url":"https:\/\/makupapeleriaregalo.com\/wp-content\/uploads\/2023\/11\/cropped-logo-MAKU-Maku-Maku-1.png","contentUrl":"https:\/\/makupapeleriaregalo.com\/wp-content\/uploads\/2023\/11\/cropped-logo-MAKU-Maku-Maku-1.png","width":277,"height":94,"caption":"Maku Papeler\u00eda Creativa y Regalo"},"image":{"@id":"https:\/\/makupapeleriaregalo.com\/#\/schema\/logo\/image\/"}}]}},"jetpack_sharing_enabled":true,"_links":{"self":[{"href":"https:\/\/makupapeleriaregalo.com\/eu\/wp-json\/wp\/v2\/product\/1637","targetHints":{"allow":["GET"]}}],"collection":[{"href":"https:\/\/makupapeleriaregalo.com\/eu\/wp-json\/wp\/v2\/product"}],"about":[{"href":"https:\/\/makupapeleriaregalo.com\/eu\/wp-json\/wp\/v2\/types\/product"}],"wp:featuredmedia":[{"embeddable":true,"href":"https:\/\/makupapeleriaregalo.com\/eu\/wp-json\/wp\/v2\/media\/1635"}],"wp:attachment":[{"href":"https:\/\/makupapeleriaregalo.com\/eu\/wp-json\/wp\/v2\/media?parent=1637"}],"wp:term":[{"taxonomy":"product_brand","embeddable":true,"href":"https:\/\/makupapeleriaregalo.com\/eu\/wp-json\/wp\/v2\/product_brand?post=1637"},{"taxonomy":"product_cat","embeddable":true,"href":"https:\/\/makupapeleriaregalo.com\/eu\/wp-json\/wp\/v2\/product_cat?post=1637"},{"taxonomy":"product_tag","embeddable":true,"href":"https:\/\/makupapeleriaregalo.com\/eu\/wp-json\/wp\/v2\/product_tag?post=1637"}],"curies":[{"name":"wp","href":"https:\/\/api.w.org\/{rel}","templated":true}]}}