{"id":1809,"date":"2024-04-05T14:40:40","date_gmt":"2024-04-05T14:40:40","guid":{"rendered":"https:\/\/makupapeleriaregalo.com\/?post_type=product&#038;p=1809"},"modified":"2024-11-07T20:17:22","modified_gmt":"2024-11-07T20:17:22","slug":"despertador-flip-premium","status":"publish","type":"product","link":"https:\/\/makupapeleriaregalo.com\/eu\/produktua\/despertador-flip-premium\/","title":{"rendered":"Despertador Flip Premium"},"content":{"rendered":"<p>Reloj despertador LCD reversible &#8211; Caras ON\/OFF<br \/>\nPantalla LCD VA pura<br \/>\nSensor de sonido para pantalla de despertador<br \/>\nControl t\u00e1ctil para repetici\u00f3n y atenuaci\u00f3n<br \/>\nSistema de bloqueo para viajes<br \/>\nDuraci\u00f3n de la bater\u00eda: Hasta 3 meses<br \/>\nRecargable en puerto USB-C (cable incluido).<br \/>\nMaterial: Aluminio &#8211; PC.<br \/>\nTama\u00f1o: 10,4 x 6,5 x 2,6 cm<br \/>\nPeso:  228 g<\/p>","protected":false},"excerpt":{"rendered":"<p>Reloj despertador LCD reversible &#8211; Caras ON\/OFF<br \/>\nPantalla LCD VA pura<br \/>\nSensor de sonido para pantalla de despertador<br \/>\nControl t\u00e1ctil para repetici\u00f3n y atenuaci\u00f3n<br \/>\nSistema de bloqueo para viajes<br \/>\nDuraci\u00f3n de la bater\u00eda: Hasta 3 meses<br \/>\nRecargable en puerto USB-C (cable incluido).<br \/>\nMaterial: Aluminio &#8211; PC.<br \/>\nTama\u00f1o: 10,4 x 6,5 x 2,6 cm<br \/>\nPeso:  228 g<\/p>","protected":false},"featured_media":1814,"template":"","meta":[],"product_brand":[],"product_cat":[56,38],"product_tag":[],"class_list":{"0":"post-1809","1":"product","2":"type-product","3":"status-publish","4":"has-post-thumbnail","6":"product_cat-electronica","7":"product_cat-productos","9":"first","10":"instock","11":"shipping-taxable","12":"purchasable","13":"product-type-variable"},"yoast_head":"<!-- This site is optimized with the Yoast SEO plugin v27.5 - https:\/\/yoast.com\/product\/yoast-seo-wordpress\/ -->\n<title>Despertador Flip Premium - Maku Papeler\u00eda Creativa y Regalo<\/title>\n<meta name=\"description\" content=\"Reloj despertador LCD reversible - Caras ON\/OFF\" \/>\n<meta name=\"robots\" content=\"index, follow, max-snippet:-1, max-image-preview:large, max-video-preview:-1\" \/>\n<link rel=\"canonical\" href=\"https:\/\/makupapeleriaregalo.com\/eu\/produktua\/despertador-flip-premium\/\" \/>\n<meta property=\"og:locale\" content=\"en_US\" \/>\n<meta property=\"og:type\" content=\"article\" \/>\n<meta property=\"og:title\" content=\"Despertador Flip Premium - Maku Papeler\u00eda Creativa y Regalo\" \/>\n<meta property=\"og:description\" content=\"Reloj despertador LCD reversible - Caras ON\/OFF\" \/>\n<meta property=\"og:url\" content=\"https:\/\/makupapeleriaregalo.com\/eu\/produktua\/despertador-flip-premium\/\" \/>\n<meta property=\"og:site_name\" content=\"Maku Papeler\u00eda Creativa y Regalo\" \/>\n<meta property=\"article:modified_time\" content=\"2024-11-07T20:17:22+00:00\" \/>\n<meta property=\"og:image\" content=\"https:\/\/makupapeleriaregalo.com\/wp-content\/uploads\/2024\/04\/PREMIUN-ROJO-F.jpeg\" \/>\n\t<meta property=\"og:image:width\" content=\"512\" \/>\n\t<meta property=\"og:image:height\" content=\"341\" \/>\n\t<meta property=\"og:image:type\" content=\"image\/jpeg\" \/>\n<meta name=\"twitter:card\" content=\"summary_large_image\" \/>\n<meta name=\"twitter:label1\" content=\"Est. reading time\" \/>\n\t<meta name=\"twitter:data1\" content=\"1 minutua\" \/>\n<script type=\"application\/ld+json\" class=\"yoast-schema-graph\">{\"@context\":\"https:\\\/\\\/schema.org\",\"@graph\":[{\"@type\":\"WebPage\",\"@id\":\"https:\\\/\\\/makupapeleriaregalo.com\\\/producto\\\/despertador-flip-premium\\\/\",\"url\":\"https:\\\/\\\/makupapeleriaregalo.com\\\/producto\\\/despertador-flip-premium\\\/\",\"name\":\"Despertador Flip Premium - Maku Papeler\u00eda Creativa y Regalo\",\"isPartOf\":{\"@id\":\"https:\\\/\\\/makupapeleriaregalo.com\\\/#website\"},\"primaryImageOfPage\":{\"@id\":\"https:\\\/\\\/makupapeleriaregalo.com\\\/producto\\\/despertador-flip-premium\\\/#primaryimage\"},\"image\":{\"@id\":\"https:\\\/\\\/makupapeleriaregalo.com\\\/producto\\\/despertador-flip-premium\\\/#primaryimage\"},\"thumbnailUrl\":\"https:\\\/\\\/makupapeleriaregalo.com\\\/wp-content\\\/uploads\\\/2024\\\/04\\\/PREMIUN-ROJO-F.jpeg\",\"datePublished\":\"2024-04-05T14:40:40+00:00\",\"dateModified\":\"2024-11-07T20:17:22+00:00\",\"description\":\"Reloj despertador LCD reversible - Caras ON\\\/OFF\",\"breadcrumb\":{\"@id\":\"https:\\\/\\\/makupapeleriaregalo.com\\\/producto\\\/despertador-flip-premium\\\/#breadcrumb\"},\"inLanguage\":\"eu\",\"potentialAction\":[{\"@type\":\"ReadAction\",\"target\":[\"https:\\\/\\\/makupapeleriaregalo.com\\\/producto\\\/despertador-flip-premium\\\/\"]}]},{\"@type\":\"ImageObject\",\"inLanguage\":\"eu\",\"@id\":\"https:\\\/\\\/makupapeleriaregalo.com\\\/producto\\\/despertador-flip-premium\\\/#primaryimage\",\"url\":\"https:\\\/\\\/makupapeleriaregalo.com\\\/wp-content\\\/uploads\\\/2024\\\/04\\\/PREMIUN-ROJO-F.jpeg\",\"contentUrl\":\"https:\\\/\\\/makupapeleriaregalo.com\\\/wp-content\\\/uploads\\\/2024\\\/04\\\/PREMIUN-ROJO-F.jpeg\",\"width\":512,\"height\":341},{\"@type\":\"BreadcrumbList\",\"@id\":\"https:\\\/\\\/makupapeleriaregalo.com\\\/producto\\\/despertador-flip-premium\\\/#breadcrumb\",\"itemListElement\":[{\"@type\":\"ListItem\",\"position\":1,\"name\":\"Portada\",\"item\":\"https:\\\/\\\/makupapeleriaregalo.com\\\/\"},{\"@type\":\"ListItem\",\"position\":2,\"name\":\"Tienda\",\"item\":\"https:\\\/\\\/makupapeleriaregalo.com\\\/tienda\\\/\"},{\"@type\":\"ListItem\",\"position\":3,\"name\":\"Despertador Flip Premium\"}]},{\"@type\":\"WebSite\",\"@id\":\"https:\\\/\\\/makupapeleriaregalo.com\\\/#website\",\"url\":\"https:\\\/\\\/makupapeleriaregalo.com\\\/\",\"name\":\"Maku Papeler\u00eda Creativa y Regalo\",\"description\":\"\",\"publisher\":{\"@id\":\"https:\\\/\\\/makupapeleriaregalo.com\\\/#organization\"},\"potentialAction\":[{\"@type\":\"SearchAction\",\"target\":{\"@type\":\"EntryPoint\",\"urlTemplate\":\"https:\\\/\\\/makupapeleriaregalo.com\\\/?s={search_term_string}\"},\"query-input\":{\"@type\":\"PropertyValueSpecification\",\"valueRequired\":true,\"valueName\":\"search_term_string\"}}],\"inLanguage\":\"eu\"},{\"@type\":\"Organization\",\"@id\":\"https:\\\/\\\/makupapeleriaregalo.com\\\/#organization\",\"name\":\"Maku Papeler\u00eda Creativa y Regalo\",\"url\":\"https:\\\/\\\/makupapeleriaregalo.com\\\/\",\"logo\":{\"@type\":\"ImageObject\",\"inLanguage\":\"eu\",\"@id\":\"https:\\\/\\\/makupapeleriaregalo.com\\\/#\\\/schema\\\/logo\\\/image\\\/\",\"url\":\"https:\\\/\\\/makupapeleriaregalo.com\\\/wp-content\\\/uploads\\\/2023\\\/11\\\/cropped-logo-MAKU-Maku-Maku-1.png\",\"contentUrl\":\"https:\\\/\\\/makupapeleriaregalo.com\\\/wp-content\\\/uploads\\\/2023\\\/11\\\/cropped-logo-MAKU-Maku-Maku-1.png\",\"width\":277,\"height\":94,\"caption\":\"Maku Papeler\u00eda Creativa y Regalo\"},\"image\":{\"@id\":\"https:\\\/\\\/makupapeleriaregalo.com\\\/#\\\/schema\\\/logo\\\/image\\\/\"}}]}<\/script>\n<!-- \/ Yoast SEO plugin. -->","yoast_head_json":{"title":"Despertador Flip Premium - Maku Papeler\u00eda Creativa y Regalo","description":"Reloj despertador LCD reversible - Caras ON\/OFF","robots":{"index":"index","follow":"follow","max-snippet":"max-snippet:-1","max-image-preview":"max-image-preview:large","max-video-preview":"max-video-preview:-1"},"canonical":"https:\/\/makupapeleriaregalo.com\/eu\/produktua\/despertador-flip-premium\/","og_locale":"en_US","og_type":"article","og_title":"Despertador Flip Premium - Maku Papeler\u00eda Creativa y Regalo","og_description":"Reloj despertador LCD reversible - Caras ON\/OFF","og_url":"https:\/\/makupapeleriaregalo.com\/eu\/produktua\/despertador-flip-premium\/","og_site_name":"Maku Papeler\u00eda Creativa y Regalo","article_modified_time":"2024-11-07T20:17:22+00:00","og_image":[{"width":512,"height":341,"url":"https:\/\/makupapeleriaregalo.com\/wp-content\/uploads\/2024\/04\/PREMIUN-ROJO-F.jpeg","type":"image\/jpeg"}],"twitter_card":"summary_large_image","twitter_misc":{"Est. reading time":"1 minutua"},"schema":{"@context":"https:\/\/schema.org","@graph":[{"@type":"WebPage","@id":"https:\/\/makupapeleriaregalo.com\/producto\/despertador-flip-premium\/","url":"https:\/\/makupapeleriaregalo.com\/producto\/despertador-flip-premium\/","name":"Despertador Flip Premium - Maku Papeler\u00eda Creativa y Regalo","isPartOf":{"@id":"https:\/\/makupapeleriaregalo.com\/#website"},"primaryImageOfPage":{"@id":"https:\/\/makupapeleriaregalo.com\/producto\/despertador-flip-premium\/#primaryimage"},"image":{"@id":"https:\/\/makupapeleriaregalo.com\/producto\/despertador-flip-premium\/#primaryimage"},"thumbnailUrl":"https:\/\/makupapeleriaregalo.com\/wp-content\/uploads\/2024\/04\/PREMIUN-ROJO-F.jpeg","datePublished":"2024-04-05T14:40:40+00:00","dateModified":"2024-11-07T20:17:22+00:00","description":"Reloj despertador LCD reversible - Caras ON\/OFF","breadcrumb":{"@id":"https:\/\/makupapeleriaregalo.com\/producto\/despertador-flip-premium\/#breadcrumb"},"inLanguage":"eu","potentialAction":[{"@type":"ReadAction","target":["https:\/\/makupapeleriaregalo.com\/producto\/despertador-flip-premium\/"]}]},{"@type":"ImageObject","inLanguage":"eu","@id":"https:\/\/makupapeleriaregalo.com\/producto\/despertador-flip-premium\/#primaryimage","url":"https:\/\/makupapeleriaregalo.com\/wp-content\/uploads\/2024\/04\/PREMIUN-ROJO-F.jpeg","contentUrl":"https:\/\/makupapeleriaregalo.com\/wp-content\/uploads\/2024\/04\/PREMIUN-ROJO-F.jpeg","width":512,"height":341},{"@type":"BreadcrumbList","@id":"https:\/\/makupapeleriaregalo.com\/producto\/despertador-flip-premium\/#breadcrumb","itemListElement":[{"@type":"ListItem","position":1,"name":"Portada","item":"https:\/\/makupapeleriaregalo.com\/"},{"@type":"ListItem","position":2,"name":"Tienda","item":"https:\/\/makupapeleriaregalo.com\/tienda\/"},{"@type":"ListItem","position":3,"name":"Despertador Flip Premium"}]},{"@type":"WebSite","@id":"https:\/\/makupapeleriaregalo.com\/#website","url":"https:\/\/makupapeleriaregalo.com\/","name":"Maku Papeler\u00eda Creativa y Regalo","description":"","publisher":{"@id":"https:\/\/makupapeleriaregalo.com\/#organization"},"potentialAction":[{"@type":"SearchAction","target":{"@type":"EntryPoint","urlTemplate":"https:\/\/makupapeleriaregalo.com\/?s={search_term_string}"},"query-input":{"@type":"PropertyValueSpecification","valueRequired":true,"valueName":"search_term_string"}}],"inLanguage":"eu"},{"@type":"Organization","@id":"https:\/\/makupapeleriaregalo.com\/#organization","name":"Maku Papeler\u00eda Creativa y Regalo","url":"https:\/\/makupapeleriaregalo.com\/","logo":{"@type":"ImageObject","inLanguage":"eu","@id":"https:\/\/makupapeleriaregalo.com\/#\/schema\/logo\/image\/","url":"https:\/\/makupapeleriaregalo.com\/wp-content\/uploads\/2023\/11\/cropped-logo-MAKU-Maku-Maku-1.png","contentUrl":"https:\/\/makupapeleriaregalo.com\/wp-content\/uploads\/2023\/11\/cropped-logo-MAKU-Maku-Maku-1.png","width":277,"height":94,"caption":"Maku Papeler\u00eda Creativa y Regalo"},"image":{"@id":"https:\/\/makupapeleriaregalo.com\/#\/schema\/logo\/image\/"}}]}},"jetpack_sharing_enabled":true,"_links":{"self":[{"href":"https:\/\/makupapeleriaregalo.com\/eu\/wp-json\/wp\/v2\/product\/1809","targetHints":{"allow":["GET"]}}],"collection":[{"href":"https:\/\/makupapeleriaregalo.com\/eu\/wp-json\/wp\/v2\/product"}],"about":[{"href":"https:\/\/makupapeleriaregalo.com\/eu\/wp-json\/wp\/v2\/types\/product"}],"wp:featuredmedia":[{"embeddable":true,"href":"https:\/\/makupapeleriaregalo.com\/eu\/wp-json\/wp\/v2\/media\/1814"}],"wp:attachment":[{"href":"https:\/\/makupapeleriaregalo.com\/eu\/wp-json\/wp\/v2\/media?parent=1809"}],"wp:term":[{"taxonomy":"product_brand","embeddable":true,"href":"https:\/\/makupapeleriaregalo.com\/eu\/wp-json\/wp\/v2\/product_brand?post=1809"},{"taxonomy":"product_cat","embeddable":true,"href":"https:\/\/makupapeleriaregalo.com\/eu\/wp-json\/wp\/v2\/product_cat?post=1809"},{"taxonomy":"product_tag","embeddable":true,"href":"https:\/\/makupapeleriaregalo.com\/eu\/wp-json\/wp\/v2\/product_tag?post=1809"}],"curies":[{"name":"wp","href":"https:\/\/api.w.org\/{rel}","templated":true}]}}