{"id":2388,"date":"2024-05-08T14:13:51","date_gmt":"2024-05-08T14:13:51","guid":{"rendered":"https:\/\/makupapeleriaregalo.com\/?post_type=product&#038;p=2388"},"modified":"2024-11-07T20:06:08","modified_gmt":"2024-11-07T20:06:08","slug":"atlas-glove","status":"publish","type":"product","link":"https:\/\/makupapeleriaregalo.com\/eu\/produktua\/atlas-glove\/","title":{"rendered":"Atlas Glove &#8211; Bola del Mundo"},"content":{"rendered":"<p>Globo azul claro sobre base de fresno blanco<br \/>\nGlobo azul oscuro sobre base de nogal<br \/>\nAtlas Globe Light es  t\u00e1ctil. Un simple toque en el bot\u00f3n de cobre encima del globo enciende o apaga la luz. Un toque m\u00e1s prolongado aten\u00faa la luz al brillo deseado. Equipado con tecnolog\u00eda LED de larga duraci\u00f3n. Incluye una peque\u00f1a lupa para tener mas visi\u00f3n.<\/p>\n<p>Lo que distingue a Atlas Globe Light es su innovadora base, que cuenta con tres bolas met\u00e1licas giratorias inteligentes. Permite que el globo gire libremente, lo que crea una experiencia interactiva. Incluso puedes quitar el globo de su base para examinarlo de cerca<\/p>\n<p>Material del producto: madera de fresno o nogal blanco con certificaci\u00f3n FSC y ABS antiara\u00f1azos de primera calidad.<br \/>\nDuraci\u00f3n de la bater\u00eda: 6 horas<br \/>\nVida: 50.000 horas<br \/>\nEntrada de energ\u00eda: DC5V 0.5A (cable incluido)<br \/>\nFuente de energ\u00eda:  bater\u00eda de litio de 1600 mAh<br \/>\nTama\u00f1o del producto:  130 mm \u00f8 x 145 mm de alto<br \/>\nPeso del producto:  460 g<\/p>","protected":false},"excerpt":{"rendered":"<p>Globo azul claro sobre base de fresno blanco<br \/>\nGlobo azul oscuro sobre base de nogal<br \/>\nAtlas Globe Light es  t\u00e1ctil. Un simple toque en el bot\u00f3n de cobre encima del globo enciende o apaga la luz. Un toque m\u00e1s prolongado aten\u00faa la luz al brillo deseado. Equipado con tecnolog\u00eda LED de larga duraci\u00f3n. Incluye una peque\u00f1a lupa para tener mas visi\u00f3n.<br \/>\nLo que distingue a Atlas Globe Light es su innovadora base, que cuenta con tres bolas met\u00e1licas giratorias inteligentes. Permite que el globo gire libremente, lo que crea una experiencia interactiva. Incluso puedes quitar el globo de su base para examinarlo de cerca<\/p>\n<p>Material del producto: madera de fresno o nogal blanco con certificaci\u00f3n FSC y ABS antiara\u00f1azos de primera calidad.<br \/>\nDuraci\u00f3n de la bater\u00eda: 6 horas<br \/>\nVida: 50.000 horas<br \/>\nEntrada de energ\u00eda: DC5V 0.5A (cable incluido)<br \/>\nFuente de energ\u00eda:  bater\u00eda de litio de 1600 mAh<br \/>\nTama\u00f1o del producto:  130 mm de \u00f8 x 145 mm de alto<br \/>\nPeso del producto:  460 g<\/p>","protected":false},"featured_media":2400,"template":"","meta":[],"product_brand":[],"product_cat":[78,39,38],"product_tag":[],"class_list":{"0":"post-2388","1":"product","2":"type-product","3":"status-publish","4":"has-post-thumbnail","6":"product_cat-bolas-mundo","7":"product_cat-iluminacion","8":"product_cat-productos","10":"first","11":"instock","12":"shipping-taxable","13":"purchasable","14":"product-type-variable"},"yoast_head":"<!-- This site is optimized with the Yoast SEO plugin v27.5 - https:\/\/yoast.com\/product\/yoast-seo-wordpress\/ -->\n<title>Atlas Glove - Bola del Mundo - Maku Papeler\u00eda Creativa y Regalo<\/title>\n<meta name=\"description\" content=\"Comprar online globo terr\u00e1queo con luz en Maku Papeler\u00eda y regalos.\" \/>\n<meta name=\"robots\" content=\"index, follow, max-snippet:-1, max-image-preview:large, max-video-preview:-1\" \/>\n<link rel=\"canonical\" href=\"https:\/\/makupapeleriaregalo.com\/eu\/produktua\/atlas-glove\/\" \/>\n<meta property=\"og:locale\" content=\"en_US\" \/>\n<meta property=\"og:type\" content=\"article\" \/>\n<meta property=\"og:title\" content=\"Atlas Glove - Bola del Mundo - Maku Papeler\u00eda Creativa y Regalo\" \/>\n<meta property=\"og:description\" content=\"Comprar online globo terr\u00e1queo con luz en Maku Papeler\u00eda y regalos.\" \/>\n<meta property=\"og:url\" content=\"https:\/\/makupapeleriaregalo.com\/eu\/produktua\/atlas-glove\/\" \/>\n<meta property=\"og:site_name\" content=\"Maku Papeler\u00eda Creativa y Regalo\" \/>\n<meta property=\"article:modified_time\" content=\"2024-11-07T20:06:08+00:00\" \/>\n<meta property=\"og:image\" content=\"https:\/\/makupapeleriaregalo.com\/wp-content\/uploads\/2024\/05\/Gingko-Designs04-scaled-1-e1715177728551.jpeg\" \/>\n\t<meta property=\"og:image:width\" content=\"1553\" \/>\n\t<meta property=\"og:image:height\" content=\"1551\" \/>\n\t<meta property=\"og:image:type\" content=\"image\/jpeg\" \/>\n<meta name=\"twitter:card\" content=\"summary_large_image\" \/>\n<meta name=\"twitter:label1\" content=\"Est. reading time\" \/>\n\t<meta name=\"twitter:data1\" content=\"1 minutua\" \/>\n<script type=\"application\/ld+json\" class=\"yoast-schema-graph\">{\"@context\":\"https:\\\/\\\/schema.org\",\"@graph\":[{\"@type\":\"WebPage\",\"@id\":\"https:\\\/\\\/makupapeleriaregalo.com\\\/producto\\\/atlas-glove\\\/\",\"url\":\"https:\\\/\\\/makupapeleriaregalo.com\\\/producto\\\/atlas-glove\\\/\",\"name\":\"Atlas Glove - Bola del Mundo - Maku Papeler\u00eda Creativa y Regalo\",\"isPartOf\":{\"@id\":\"https:\\\/\\\/makupapeleriaregalo.com\\\/#website\"},\"primaryImageOfPage\":{\"@id\":\"https:\\\/\\\/makupapeleriaregalo.com\\\/producto\\\/atlas-glove\\\/#primaryimage\"},\"image\":{\"@id\":\"https:\\\/\\\/makupapeleriaregalo.com\\\/producto\\\/atlas-glove\\\/#primaryimage\"},\"thumbnailUrl\":\"https:\\\/\\\/makupapeleriaregalo.com\\\/wp-content\\\/uploads\\\/2024\\\/05\\\/Gingko-Designs04-scaled-1-e1715177728551.jpeg\",\"datePublished\":\"2024-05-08T14:13:51+00:00\",\"dateModified\":\"2024-11-07T20:06:08+00:00\",\"description\":\"Comprar online globo terr\u00e1queo con luz en Maku Papeler\u00eda y regalos.\",\"breadcrumb\":{\"@id\":\"https:\\\/\\\/makupapeleriaregalo.com\\\/producto\\\/atlas-glove\\\/#breadcrumb\"},\"inLanguage\":\"eu\",\"potentialAction\":[{\"@type\":\"ReadAction\",\"target\":[\"https:\\\/\\\/makupapeleriaregalo.com\\\/producto\\\/atlas-glove\\\/\"]}]},{\"@type\":\"ImageObject\",\"inLanguage\":\"eu\",\"@id\":\"https:\\\/\\\/makupapeleriaregalo.com\\\/producto\\\/atlas-glove\\\/#primaryimage\",\"url\":\"https:\\\/\\\/makupapeleriaregalo.com\\\/wp-content\\\/uploads\\\/2024\\\/05\\\/Gingko-Designs04-scaled-1-e1715177728551.jpeg\",\"contentUrl\":\"https:\\\/\\\/makupapeleriaregalo.com\\\/wp-content\\\/uploads\\\/2024\\\/05\\\/Gingko-Designs04-scaled-1-e1715177728551.jpeg\",\"width\":1553,\"height\":1551},{\"@type\":\"BreadcrumbList\",\"@id\":\"https:\\\/\\\/makupapeleriaregalo.com\\\/producto\\\/atlas-glove\\\/#breadcrumb\",\"itemListElement\":[{\"@type\":\"ListItem\",\"position\":1,\"name\":\"Portada\",\"item\":\"https:\\\/\\\/makupapeleriaregalo.com\\\/\"},{\"@type\":\"ListItem\",\"position\":2,\"name\":\"Tienda\",\"item\":\"https:\\\/\\\/makupapeleriaregalo.com\\\/tienda\\\/\"},{\"@type\":\"ListItem\",\"position\":3,\"name\":\"Atlas Glove &#8211; Bola del Mundo\"}]},{\"@type\":\"WebSite\",\"@id\":\"https:\\\/\\\/makupapeleriaregalo.com\\\/#website\",\"url\":\"https:\\\/\\\/makupapeleriaregalo.com\\\/\",\"name\":\"Maku Papeler\u00eda Creativa y Regalo\",\"description\":\"\",\"publisher\":{\"@id\":\"https:\\\/\\\/makupapeleriaregalo.com\\\/#organization\"},\"potentialAction\":[{\"@type\":\"SearchAction\",\"target\":{\"@type\":\"EntryPoint\",\"urlTemplate\":\"https:\\\/\\\/makupapeleriaregalo.com\\\/?s={search_term_string}\"},\"query-input\":{\"@type\":\"PropertyValueSpecification\",\"valueRequired\":true,\"valueName\":\"search_term_string\"}}],\"inLanguage\":\"eu\"},{\"@type\":\"Organization\",\"@id\":\"https:\\\/\\\/makupapeleriaregalo.com\\\/#organization\",\"name\":\"Maku Papeler\u00eda Creativa y Regalo\",\"url\":\"https:\\\/\\\/makupapeleriaregalo.com\\\/\",\"logo\":{\"@type\":\"ImageObject\",\"inLanguage\":\"eu\",\"@id\":\"https:\\\/\\\/makupapeleriaregalo.com\\\/#\\\/schema\\\/logo\\\/image\\\/\",\"url\":\"https:\\\/\\\/makupapeleriaregalo.com\\\/wp-content\\\/uploads\\\/2023\\\/11\\\/cropped-logo-MAKU-Maku-Maku-1.png\",\"contentUrl\":\"https:\\\/\\\/makupapeleriaregalo.com\\\/wp-content\\\/uploads\\\/2023\\\/11\\\/cropped-logo-MAKU-Maku-Maku-1.png\",\"width\":277,\"height\":94,\"caption\":\"Maku Papeler\u00eda Creativa y Regalo\"},\"image\":{\"@id\":\"https:\\\/\\\/makupapeleriaregalo.com\\\/#\\\/schema\\\/logo\\\/image\\\/\"}}]}<\/script>\n<!-- \/ Yoast SEO plugin. -->","yoast_head_json":{"title":"Atlas Glove - Bola del Mundo - Maku Papeler\u00eda Creativa y Regalo","description":"Comprar online globo terr\u00e1queo con luz en Maku Papeler\u00eda y regalos.","robots":{"index":"index","follow":"follow","max-snippet":"max-snippet:-1","max-image-preview":"max-image-preview:large","max-video-preview":"max-video-preview:-1"},"canonical":"https:\/\/makupapeleriaregalo.com\/eu\/produktua\/atlas-glove\/","og_locale":"en_US","og_type":"article","og_title":"Atlas Glove - Bola del Mundo - Maku Papeler\u00eda Creativa y Regalo","og_description":"Comprar online globo terr\u00e1queo con luz en Maku Papeler\u00eda y regalos.","og_url":"https:\/\/makupapeleriaregalo.com\/eu\/produktua\/atlas-glove\/","og_site_name":"Maku Papeler\u00eda Creativa y Regalo","article_modified_time":"2024-11-07T20:06:08+00:00","og_image":[{"width":1553,"height":1551,"url":"https:\/\/makupapeleriaregalo.com\/wp-content\/uploads\/2024\/05\/Gingko-Designs04-scaled-1-e1715177728551.jpeg","type":"image\/jpeg"}],"twitter_card":"summary_large_image","twitter_misc":{"Est. reading time":"1 minutua"},"schema":{"@context":"https:\/\/schema.org","@graph":[{"@type":"WebPage","@id":"https:\/\/makupapeleriaregalo.com\/producto\/atlas-glove\/","url":"https:\/\/makupapeleriaregalo.com\/producto\/atlas-glove\/","name":"Atlas Glove - Bola del Mundo - Maku Papeler\u00eda Creativa y Regalo","isPartOf":{"@id":"https:\/\/makupapeleriaregalo.com\/#website"},"primaryImageOfPage":{"@id":"https:\/\/makupapeleriaregalo.com\/producto\/atlas-glove\/#primaryimage"},"image":{"@id":"https:\/\/makupapeleriaregalo.com\/producto\/atlas-glove\/#primaryimage"},"thumbnailUrl":"https:\/\/makupapeleriaregalo.com\/wp-content\/uploads\/2024\/05\/Gingko-Designs04-scaled-1-e1715177728551.jpeg","datePublished":"2024-05-08T14:13:51+00:00","dateModified":"2024-11-07T20:06:08+00:00","description":"Comprar online globo terr\u00e1queo con luz en Maku Papeler\u00eda y regalos.","breadcrumb":{"@id":"https:\/\/makupapeleriaregalo.com\/producto\/atlas-glove\/#breadcrumb"},"inLanguage":"eu","potentialAction":[{"@type":"ReadAction","target":["https:\/\/makupapeleriaregalo.com\/producto\/atlas-glove\/"]}]},{"@type":"ImageObject","inLanguage":"eu","@id":"https:\/\/makupapeleriaregalo.com\/producto\/atlas-glove\/#primaryimage","url":"https:\/\/makupapeleriaregalo.com\/wp-content\/uploads\/2024\/05\/Gingko-Designs04-scaled-1-e1715177728551.jpeg","contentUrl":"https:\/\/makupapeleriaregalo.com\/wp-content\/uploads\/2024\/05\/Gingko-Designs04-scaled-1-e1715177728551.jpeg","width":1553,"height":1551},{"@type":"BreadcrumbList","@id":"https:\/\/makupapeleriaregalo.com\/producto\/atlas-glove\/#breadcrumb","itemListElement":[{"@type":"ListItem","position":1,"name":"Portada","item":"https:\/\/makupapeleriaregalo.com\/"},{"@type":"ListItem","position":2,"name":"Tienda","item":"https:\/\/makupapeleriaregalo.com\/tienda\/"},{"@type":"ListItem","position":3,"name":"Atlas Glove &#8211; Bola del Mundo"}]},{"@type":"WebSite","@id":"https:\/\/makupapeleriaregalo.com\/#website","url":"https:\/\/makupapeleriaregalo.com\/","name":"Maku Papeler\u00eda Creativa y Regalo","description":"","publisher":{"@id":"https:\/\/makupapeleriaregalo.com\/#organization"},"potentialAction":[{"@type":"SearchAction","target":{"@type":"EntryPoint","urlTemplate":"https:\/\/makupapeleriaregalo.com\/?s={search_term_string}"},"query-input":{"@type":"PropertyValueSpecification","valueRequired":true,"valueName":"search_term_string"}}],"inLanguage":"eu"},{"@type":"Organization","@id":"https:\/\/makupapeleriaregalo.com\/#organization","name":"Maku Papeler\u00eda Creativa y Regalo","url":"https:\/\/makupapeleriaregalo.com\/","logo":{"@type":"ImageObject","inLanguage":"eu","@id":"https:\/\/makupapeleriaregalo.com\/#\/schema\/logo\/image\/","url":"https:\/\/makupapeleriaregalo.com\/wp-content\/uploads\/2023\/11\/cropped-logo-MAKU-Maku-Maku-1.png","contentUrl":"https:\/\/makupapeleriaregalo.com\/wp-content\/uploads\/2023\/11\/cropped-logo-MAKU-Maku-Maku-1.png","width":277,"height":94,"caption":"Maku Papeler\u00eda Creativa y Regalo"},"image":{"@id":"https:\/\/makupapeleriaregalo.com\/#\/schema\/logo\/image\/"}}]}},"jetpack_sharing_enabled":true,"_links":{"self":[{"href":"https:\/\/makupapeleriaregalo.com\/eu\/wp-json\/wp\/v2\/product\/2388","targetHints":{"allow":["GET"]}}],"collection":[{"href":"https:\/\/makupapeleriaregalo.com\/eu\/wp-json\/wp\/v2\/product"}],"about":[{"href":"https:\/\/makupapeleriaregalo.com\/eu\/wp-json\/wp\/v2\/types\/product"}],"wp:featuredmedia":[{"embeddable":true,"href":"https:\/\/makupapeleriaregalo.com\/eu\/wp-json\/wp\/v2\/media\/2400"}],"wp:attachment":[{"href":"https:\/\/makupapeleriaregalo.com\/eu\/wp-json\/wp\/v2\/media?parent=2388"}],"wp:term":[{"taxonomy":"product_brand","embeddable":true,"href":"https:\/\/makupapeleriaregalo.com\/eu\/wp-json\/wp\/v2\/product_brand?post=2388"},{"taxonomy":"product_cat","embeddable":true,"href":"https:\/\/makupapeleriaregalo.com\/eu\/wp-json\/wp\/v2\/product_cat?post=2388"},{"taxonomy":"product_tag","embeddable":true,"href":"https:\/\/makupapeleriaregalo.com\/eu\/wp-json\/wp\/v2\/product_tag?post=2388"}],"curies":[{"name":"wp","href":"https:\/\/api.w.org\/{rel}","templated":true}]}}