{"id":2491,"date":"2024-10-29T12:28:51","date_gmt":"2024-10-29T12:28:51","guid":{"rendered":"https:\/\/makupapeleriaregalo.com\/?post_type=product&#038;p=2491"},"modified":"2024-10-29T15:26:50","modified_gmt":"2024-10-29T15:26:50","slug":"anillo-eguzkilore-plateado","status":"publish","type":"product","link":"https:\/\/makupapeleriaregalo.com\/eu\/produktua\/anillo-eguzkilore-plateado\/","title":{"rendered":"Anillo Eguzkilore Plateado"},"content":{"rendered":"<p>Anillo de acero quir\u00fargico (hipoalerg\u00e9nico en forma de eguzkilore con circonita blanca<br \/>\n(Made in Pa\u00eds Vasco). S\u00edmbolo antiguo de protecci\u00f3n<br \/>\nTalla universal 7-9. Aro ajustable<br \/>\nTama\u00f1o 15mm. de di\u00e1metro<br \/>\nPresentaci\u00f3n en una cajita y una hojita con la descripci\u00f3n del eguzkilore.<\/p>","protected":false},"excerpt":{"rendered":"<p>Anillo de acero quir\u00fargico (hipoalerg\u00e9nico en forma de eguzkilore con circonita blanca<br \/>\n(Made in Pa\u00eds Vasco). S\u00edmbolo antiguo de protecci\u00f3n<br \/>\nTalla universal 7-9. Aro ajustable<br \/>\nTama\u00f1o 15mm. de di\u00e1metro<br \/>\nPresentaci\u00f3n en una cajita y una hojita con la descripci\u00f3n del eguzkilore.<\/p>","protected":false},"featured_media":2490,"template":"","meta":[],"product_brand":[],"product_cat":[41,61,38],"product_tag":[],"class_list":{"0":"post-2491","1":"product","2":"type-product","3":"status-publish","4":"has-post-thumbnail","6":"product_cat-accesorios","7":"product_cat-eguzkilores","8":"product_cat-productos","10":"first","11":"instock","12":"shipping-taxable","13":"purchasable","14":"product-type-simple"},"yoast_head":"<!-- This site is optimized with the Yoast SEO plugin v27.3 - https:\/\/yoast.com\/product\/yoast-seo-wordpress\/ -->\n<title>Anillo Eguzkilore Plateado - Maku Papeler\u00eda Creativa y Regalo<\/title>\n<meta name=\"robots\" content=\"index, follow, max-snippet:-1, max-image-preview:large, max-video-preview:-1\" \/>\n<link rel=\"canonical\" href=\"https:\/\/makupapeleriaregalo.com\/eu\/produktua\/anillo-eguzkilore-plateado\/\" \/>\n<meta property=\"og:locale\" content=\"en_US\" \/>\n<meta property=\"og:type\" content=\"article\" \/>\n<meta property=\"og:title\" content=\"Anillo Eguzkilore Plateado - Maku Papeler\u00eda Creativa y Regalo\" \/>\n<meta property=\"og:description\" content=\"Anillo de acero quir\u00fargico (hipoalerg\u00e9nico en forma de eguzkilore con circonita blanca (Made in Pa\u00eds Vasco). S\u00edmbolo antiguo de protecci\u00f3n Talla universal 7-9. Aro ajustable Tama\u00f1o 15mm. de di\u00e1metro Presentaci\u00f3n en una cajita y una hojita con la descripci\u00f3n del eguzkilore.\" \/>\n<meta property=\"og:url\" content=\"https:\/\/makupapeleriaregalo.com\/eu\/produktua\/anillo-eguzkilore-plateado\/\" \/>\n<meta property=\"og:site_name\" content=\"Maku Papeler\u00eda Creativa y Regalo\" \/>\n<meta property=\"article:modified_time\" content=\"2024-10-29T15:26:50+00:00\" \/>\n<meta property=\"og:image\" content=\"https:\/\/makupapeleriaregalo.com\/wp-content\/uploads\/2024\/10\/ANILLO-EGUZKILORE.jpg\" \/>\n\t<meta property=\"og:image:width\" content=\"550\" \/>\n\t<meta property=\"og:image:height\" content=\"541\" \/>\n\t<meta property=\"og:image:type\" content=\"image\/jpeg\" \/>\n<meta name=\"twitter:card\" content=\"summary_large_image\" \/>\n<meta name=\"twitter:label1\" content=\"Est. reading time\" \/>\n\t<meta name=\"twitter:data1\" content=\"1 minutua\" \/>\n<script type=\"application\/ld+json\" class=\"yoast-schema-graph\">{\"@context\":\"https:\\\/\\\/schema.org\",\"@graph\":[{\"@type\":\"WebPage\",\"@id\":\"https:\\\/\\\/makupapeleriaregalo.com\\\/producto\\\/anillo-eguzkilore-plateado\\\/\",\"url\":\"https:\\\/\\\/makupapeleriaregalo.com\\\/producto\\\/anillo-eguzkilore-plateado\\\/\",\"name\":\"Anillo Eguzkilore Plateado - Maku Papeler\u00eda Creativa y Regalo\",\"isPartOf\":{\"@id\":\"https:\\\/\\\/makupapeleriaregalo.com\\\/#website\"},\"primaryImageOfPage\":{\"@id\":\"https:\\\/\\\/makupapeleriaregalo.com\\\/producto\\\/anillo-eguzkilore-plateado\\\/#primaryimage\"},\"image\":{\"@id\":\"https:\\\/\\\/makupapeleriaregalo.com\\\/producto\\\/anillo-eguzkilore-plateado\\\/#primaryimage\"},\"thumbnailUrl\":\"https:\\\/\\\/makupapeleriaregalo.com\\\/wp-content\\\/uploads\\\/2024\\\/10\\\/ANILLO-EGUZKILORE.jpg\",\"datePublished\":\"2024-10-29T12:28:51+00:00\",\"dateModified\":\"2024-10-29T15:26:50+00:00\",\"breadcrumb\":{\"@id\":\"https:\\\/\\\/makupapeleriaregalo.com\\\/producto\\\/anillo-eguzkilore-plateado\\\/#breadcrumb\"},\"inLanguage\":\"eu\",\"potentialAction\":[{\"@type\":\"ReadAction\",\"target\":[\"https:\\\/\\\/makupapeleriaregalo.com\\\/producto\\\/anillo-eguzkilore-plateado\\\/\"]}]},{\"@type\":\"ImageObject\",\"inLanguage\":\"eu\",\"@id\":\"https:\\\/\\\/makupapeleriaregalo.com\\\/producto\\\/anillo-eguzkilore-plateado\\\/#primaryimage\",\"url\":\"https:\\\/\\\/makupapeleriaregalo.com\\\/wp-content\\\/uploads\\\/2024\\\/10\\\/ANILLO-EGUZKILORE.jpg\",\"contentUrl\":\"https:\\\/\\\/makupapeleriaregalo.com\\\/wp-content\\\/uploads\\\/2024\\\/10\\\/ANILLO-EGUZKILORE.jpg\",\"width\":550,\"height\":541},{\"@type\":\"BreadcrumbList\",\"@id\":\"https:\\\/\\\/makupapeleriaregalo.com\\\/producto\\\/anillo-eguzkilore-plateado\\\/#breadcrumb\",\"itemListElement\":[{\"@type\":\"ListItem\",\"position\":1,\"name\":\"Portada\",\"item\":\"https:\\\/\\\/makupapeleriaregalo.com\\\/\"},{\"@type\":\"ListItem\",\"position\":2,\"name\":\"Tienda\",\"item\":\"https:\\\/\\\/makupapeleriaregalo.com\\\/tienda\\\/\"},{\"@type\":\"ListItem\",\"position\":3,\"name\":\"Anillo Eguzkilore Plateado\"}]},{\"@type\":\"WebSite\",\"@id\":\"https:\\\/\\\/makupapeleriaregalo.com\\\/#website\",\"url\":\"https:\\\/\\\/makupapeleriaregalo.com\\\/\",\"name\":\"Maku Papeler\u00eda Creativa y Regalo\",\"description\":\"\",\"publisher\":{\"@id\":\"https:\\\/\\\/makupapeleriaregalo.com\\\/#organization\"},\"potentialAction\":[{\"@type\":\"SearchAction\",\"target\":{\"@type\":\"EntryPoint\",\"urlTemplate\":\"https:\\\/\\\/makupapeleriaregalo.com\\\/?s={search_term_string}\"},\"query-input\":{\"@type\":\"PropertyValueSpecification\",\"valueRequired\":true,\"valueName\":\"search_term_string\"}}],\"inLanguage\":\"eu\"},{\"@type\":\"Organization\",\"@id\":\"https:\\\/\\\/makupapeleriaregalo.com\\\/#organization\",\"name\":\"Maku Papeler\u00eda Creativa y Regalo\",\"url\":\"https:\\\/\\\/makupapeleriaregalo.com\\\/\",\"logo\":{\"@type\":\"ImageObject\",\"inLanguage\":\"eu\",\"@id\":\"https:\\\/\\\/makupapeleriaregalo.com\\\/#\\\/schema\\\/logo\\\/image\\\/\",\"url\":\"https:\\\/\\\/makupapeleriaregalo.com\\\/wp-content\\\/uploads\\\/2023\\\/11\\\/cropped-logo-MAKU-Maku-Maku-1.png\",\"contentUrl\":\"https:\\\/\\\/makupapeleriaregalo.com\\\/wp-content\\\/uploads\\\/2023\\\/11\\\/cropped-logo-MAKU-Maku-Maku-1.png\",\"width\":277,\"height\":94,\"caption\":\"Maku Papeler\u00eda Creativa y Regalo\"},\"image\":{\"@id\":\"https:\\\/\\\/makupapeleriaregalo.com\\\/#\\\/schema\\\/logo\\\/image\\\/\"}}]}<\/script>\n<!-- \/ Yoast SEO plugin. -->","yoast_head_json":{"title":"Anillo Eguzkilore Plateado - Maku Papeler\u00eda Creativa y Regalo","robots":{"index":"index","follow":"follow","max-snippet":"max-snippet:-1","max-image-preview":"max-image-preview:large","max-video-preview":"max-video-preview:-1"},"canonical":"https:\/\/makupapeleriaregalo.com\/eu\/produktua\/anillo-eguzkilore-plateado\/","og_locale":"en_US","og_type":"article","og_title":"Anillo Eguzkilore Plateado - Maku Papeler\u00eda Creativa y Regalo","og_description":"Anillo de acero quir\u00fargico (hipoalerg\u00e9nico en forma de eguzkilore con circonita blanca (Made in Pa\u00eds Vasco). S\u00edmbolo antiguo de protecci\u00f3n Talla universal 7-9. Aro ajustable Tama\u00f1o 15mm. de di\u00e1metro Presentaci\u00f3n en una cajita y una hojita con la descripci\u00f3n del eguzkilore.","og_url":"https:\/\/makupapeleriaregalo.com\/eu\/produktua\/anillo-eguzkilore-plateado\/","og_site_name":"Maku Papeler\u00eda Creativa y Regalo","article_modified_time":"2024-10-29T15:26:50+00:00","og_image":[{"width":550,"height":541,"url":"https:\/\/makupapeleriaregalo.com\/wp-content\/uploads\/2024\/10\/ANILLO-EGUZKILORE.jpg","type":"image\/jpeg"}],"twitter_card":"summary_large_image","twitter_misc":{"Est. reading time":"1 minutua"},"schema":{"@context":"https:\/\/schema.org","@graph":[{"@type":"WebPage","@id":"https:\/\/makupapeleriaregalo.com\/producto\/anillo-eguzkilore-plateado\/","url":"https:\/\/makupapeleriaregalo.com\/producto\/anillo-eguzkilore-plateado\/","name":"Anillo Eguzkilore Plateado - Maku Papeler\u00eda Creativa y Regalo","isPartOf":{"@id":"https:\/\/makupapeleriaregalo.com\/#website"},"primaryImageOfPage":{"@id":"https:\/\/makupapeleriaregalo.com\/producto\/anillo-eguzkilore-plateado\/#primaryimage"},"image":{"@id":"https:\/\/makupapeleriaregalo.com\/producto\/anillo-eguzkilore-plateado\/#primaryimage"},"thumbnailUrl":"https:\/\/makupapeleriaregalo.com\/wp-content\/uploads\/2024\/10\/ANILLO-EGUZKILORE.jpg","datePublished":"2024-10-29T12:28:51+00:00","dateModified":"2024-10-29T15:26:50+00:00","breadcrumb":{"@id":"https:\/\/makupapeleriaregalo.com\/producto\/anillo-eguzkilore-plateado\/#breadcrumb"},"inLanguage":"eu","potentialAction":[{"@type":"ReadAction","target":["https:\/\/makupapeleriaregalo.com\/producto\/anillo-eguzkilore-plateado\/"]}]},{"@type":"ImageObject","inLanguage":"eu","@id":"https:\/\/makupapeleriaregalo.com\/producto\/anillo-eguzkilore-plateado\/#primaryimage","url":"https:\/\/makupapeleriaregalo.com\/wp-content\/uploads\/2024\/10\/ANILLO-EGUZKILORE.jpg","contentUrl":"https:\/\/makupapeleriaregalo.com\/wp-content\/uploads\/2024\/10\/ANILLO-EGUZKILORE.jpg","width":550,"height":541},{"@type":"BreadcrumbList","@id":"https:\/\/makupapeleriaregalo.com\/producto\/anillo-eguzkilore-plateado\/#breadcrumb","itemListElement":[{"@type":"ListItem","position":1,"name":"Portada","item":"https:\/\/makupapeleriaregalo.com\/"},{"@type":"ListItem","position":2,"name":"Tienda","item":"https:\/\/makupapeleriaregalo.com\/tienda\/"},{"@type":"ListItem","position":3,"name":"Anillo Eguzkilore Plateado"}]},{"@type":"WebSite","@id":"https:\/\/makupapeleriaregalo.com\/#website","url":"https:\/\/makupapeleriaregalo.com\/","name":"Maku Papeler\u00eda Creativa y Regalo","description":"","publisher":{"@id":"https:\/\/makupapeleriaregalo.com\/#organization"},"potentialAction":[{"@type":"SearchAction","target":{"@type":"EntryPoint","urlTemplate":"https:\/\/makupapeleriaregalo.com\/?s={search_term_string}"},"query-input":{"@type":"PropertyValueSpecification","valueRequired":true,"valueName":"search_term_string"}}],"inLanguage":"eu"},{"@type":"Organization","@id":"https:\/\/makupapeleriaregalo.com\/#organization","name":"Maku Papeler\u00eda Creativa y Regalo","url":"https:\/\/makupapeleriaregalo.com\/","logo":{"@type":"ImageObject","inLanguage":"eu","@id":"https:\/\/makupapeleriaregalo.com\/#\/schema\/logo\/image\/","url":"https:\/\/makupapeleriaregalo.com\/wp-content\/uploads\/2023\/11\/cropped-logo-MAKU-Maku-Maku-1.png","contentUrl":"https:\/\/makupapeleriaregalo.com\/wp-content\/uploads\/2023\/11\/cropped-logo-MAKU-Maku-Maku-1.png","width":277,"height":94,"caption":"Maku Papeler\u00eda Creativa y Regalo"},"image":{"@id":"https:\/\/makupapeleriaregalo.com\/#\/schema\/logo\/image\/"}}]}},"jetpack_sharing_enabled":true,"_links":{"self":[{"href":"https:\/\/makupapeleriaregalo.com\/eu\/wp-json\/wp\/v2\/product\/2491","targetHints":{"allow":["GET"]}}],"collection":[{"href":"https:\/\/makupapeleriaregalo.com\/eu\/wp-json\/wp\/v2\/product"}],"about":[{"href":"https:\/\/makupapeleriaregalo.com\/eu\/wp-json\/wp\/v2\/types\/product"}],"wp:featuredmedia":[{"embeddable":true,"href":"https:\/\/makupapeleriaregalo.com\/eu\/wp-json\/wp\/v2\/media\/2490"}],"wp:attachment":[{"href":"https:\/\/makupapeleriaregalo.com\/eu\/wp-json\/wp\/v2\/media?parent=2491"}],"wp:term":[{"taxonomy":"product_brand","embeddable":true,"href":"https:\/\/makupapeleriaregalo.com\/eu\/wp-json\/wp\/v2\/product_brand?post=2491"},{"taxonomy":"product_cat","embeddable":true,"href":"https:\/\/makupapeleriaregalo.com\/eu\/wp-json\/wp\/v2\/product_cat?post=2491"},{"taxonomy":"product_tag","embeddable":true,"href":"https:\/\/makupapeleriaregalo.com\/eu\/wp-json\/wp\/v2\/product_tag?post=2491"}],"curies":[{"name":"wp","href":"https:\/\/api.w.org\/{rel}","templated":true}]}}